{"id":16,"date":"2023-06-09T11:24:47","date_gmt":"2023-06-09T11:24:47","guid":{"rendered":"https:\/\/velpa.it\/verein\/?page_id=16"},"modified":"2025-03-28T10:59:38","modified_gmt":"2025-03-28T10:59:38","slug":"willkommen-beim-velpa","status":"publish","type":"page","link":"https:\/\/velpa.it\/verein\/","title":{"rendered":"Willkommen beim VELPA"},"content":{"rendered":"<div class=\"gb-grid-wrapper gb-grid-wrapper-c030ceb2\">\n<div class=\"gb-grid-column gb-grid-column-9788a460\"><div class=\"gb-container gb-container-9788a460\">\n\n<h3 class=\"wp-block-heading\">\u00dcber Uns<\/h3>\n\n\n\n<p>Der Verein der Ergotherapeuten, Logop\u00e4den und Physiotherapeuten im Altenbereich, kurz \u201eVELPA\u201c wurde offiziell am 15.04.2013 ins Leben gerufen. VELPA vertritt die Interessen aller drei Berufsgruppen und f\u00f6rdert die Zusammenarbeit untereinander, ist ehrenamtlich t\u00e4tig und f\u00fcr alle Therapeuten in den Seniorenwohnheimen zug\u00e4nglich.<\/p>\n\n<\/div><\/div>\n<\/div>\n\n\n<hr class=\"wp-block-separator has-alpha-channel-opacity\"\/>\n\n\n\n\n<div class=\"gb-grid-wrapper gb-grid-wrapper-fafd3b6e\">\n<div class=\"gb-grid-column gb-grid-column-5a2e792c\"><div class=\"gb-container gb-container-5a2e792c\">\n\n<p>Du kannst dich auf dieser Seite zu Veranstaltungen anmelden und an Abstimmungen teilnehmen. Damit du aktiv werden kannst, musst du ein registriertes Mitglied beim Verein VELPA sein und dich <a href=\"\/verein\/login\/\">einloggen<\/a>.<\/p>\n\n<\/div><\/div>\n<\/div>\n\n\n<hr class=\"wp-block-separator has-alpha-channel-opacity\"\/>\n\n\n\n<h3 class=\"wp-block-heading\">Die organisatorische Leitung obliegt dem Vorstand, bestehend aus folgenden Personen.<\/h3>\n\n\n\n<figure id=\"abouttable\" class=\"wp-block-table is-style-regular\"><table class=\"has-contrast-3-background-color has-background\"><thead><tr><th>Aufgabe<\/th><th>Name\/Kontakt<\/th><\/tr><\/thead><tbody><tr><td>Vorstandsmitglieder:<\/td><td>[vorstand_extended_emailstring]<\/td><\/tr><tr><td>Vorstandsvorsitz:<\/td><td>[vorstandvorsitz_extended_emailstring]<\/td><\/tr><tr><td>Vize-Vorstandsvorsitz:<\/td><td>[vize_vorstandvorsitz_extended_emailstring]<\/td><\/tr><tr><td>Technischer Kontakt (Einschreibung, Kursanmeldung, Internet\/+account):<\/td><td>[technischer_kontakt_extended_emailstring]<\/td><\/tr><tr><td>Allgemeiner Kontakt:<\/td><td>[allgemeiner_kontakt_extended_emailstring]<\/td><\/tr><\/tbody><\/table><\/figure>\n\n\n","protected":false},"excerpt":{"rendered":"<p>Die organisatorische Leitung obliegt dem Vorstand, bestehend aus folgenden Personen. Aufgabe Name\/Kontakt Vorstandsmitglieder: [vorstand_extended_emailstring] Vorstandsvorsitz: [vorstandvorsitz_extended_emailstring] Vize-Vorstandsvorsitz: [vize_vorstandvorsitz_extended_emailstring] Technischer Kontakt (Einschreibung, Kursanmeldung, Internet\/+account): [technischer_kontakt_extended_emailstring] Allgemeiner Kontakt: [allgemeiner_kontakt_extended_emailstring] Kurse 2025<\/p>\n","protected":false},"author":1,"featured_media":0,"parent":0,"menu_order":1,"comment_status":"closed","ping_status":"closed","template":"","meta":{"footnotes":""},"class_list":["post-16","page","type-page","status-publish"],"yoast_head":"<!-- This site is optimized with the Yoast SEO plugin v27.6 - https:\/\/yoast.com\/product\/yoast-seo-wordpress\/ -->\n<title>Willkommen beim VELPA - Velpa<\/title>\n<meta name=\"robots\" content=\"noindex, follow, max-snippet:-1, max-image-preview:large, max-video-preview:-1\" \/>\n<meta property=\"og:locale\" content=\"de_DE\" \/>\n<meta property=\"og:type\" content=\"article\" \/>\n<meta property=\"og:title\" content=\"Willkommen beim VELPA - Velpa\" \/>\n<meta property=\"og:description\" content=\"Die organisatorische Leitung obliegt dem Vorstand, bestehend aus folgenden Personen. Aufgabe Name\/Kontakt Vorstandsmitglieder: [vorstand_extended_emailstring] Vorstandsvorsitz: [vorstandvorsitz_extended_emailstring] Vize-Vorstandsvorsitz: [vize_vorstandvorsitz_extended_emailstring] Technischer Kontakt (Einschreibung, Kursanmeldung, Internet\/+account): [technischer_kontakt_extended_emailstring] Allgemeiner Kontakt: [allgemeiner_kontakt_extended_emailstring] Kurse 2025\" \/>\n<meta property=\"og:url\" content=\"https:\/\/velpa.it\/verein\/\" \/>\n<meta property=\"og:site_name\" content=\"Velpa\" \/>\n<meta property=\"article:modified_time\" content=\"2025-03-28T10:59:38+00:00\" \/>\n<meta name=\"twitter:card\" content=\"summary_large_image\" \/>\n<meta name=\"twitter:label1\" content=\"Gesch\u00e4tzte Lesezeit\" \/>\n\t<meta name=\"twitter:data1\" content=\"1\u00a0Minute\" \/>\n<script type=\"application\/ld+json\" class=\"yoast-schema-graph\">{\"@context\":\"https:\\\/\\\/schema.org\",\"@graph\":[{\"@type\":\"WebPage\",\"@id\":\"https:\\\/\\\/velpa.it\\\/verein\\\/\",\"url\":\"https:\\\/\\\/velpa.it\\\/verein\\\/\",\"name\":\"Willkommen beim VELPA - Velpa\",\"isPartOf\":{\"@id\":\"https:\\\/\\\/velpa.it\\\/verein\\\/#website\"},\"datePublished\":\"2023-06-09T11:24:47+00:00\",\"dateModified\":\"2025-03-28T10:59:38+00:00\",\"breadcrumb\":{\"@id\":\"https:\\\/\\\/velpa.it\\\/verein\\\/#breadcrumb\"},\"inLanguage\":\"de\",\"potentialAction\":[{\"@type\":\"ReadAction\",\"target\":[\"https:\\\/\\\/velpa.it\\\/verein\\\/\"]}]},{\"@type\":\"BreadcrumbList\",\"@id\":\"https:\\\/\\\/velpa.it\\\/verein\\\/#breadcrumb\",\"itemListElement\":[{\"@type\":\"ListItem\",\"position\":1,\"name\":\"Startseite\",\"item\":\"https:\\\/\\\/velpa.it\\\/verein\\\/\"},{\"@type\":\"ListItem\",\"position\":2,\"name\":\"Willkommen beim VELPA\"}]},{\"@type\":\"WebSite\",\"@id\":\"https:\\\/\\\/velpa.it\\\/verein\\\/#website\",\"url\":\"https:\\\/\\\/velpa.it\\\/verein\\\/\",\"name\":\"Velpa\",\"description\":\"Verein der Ergotherapeuten, Logop\u00e4den und Physiotherapeuten im Altenbereich\",\"publisher\":{\"@id\":\"https:\\\/\\\/velpa.it\\\/verein\\\/#organization\"},\"potentialAction\":[{\"@type\":\"SearchAction\",\"target\":{\"@type\":\"EntryPoint\",\"urlTemplate\":\"https:\\\/\\\/velpa.it\\\/verein\\\/?s={search_term_string}\"},\"query-input\":{\"@type\":\"PropertyValueSpecification\",\"valueRequired\":true,\"valueName\":\"search_term_string\"}}],\"inLanguage\":\"de\"},{\"@type\":\"Organization\",\"@id\":\"https:\\\/\\\/velpa.it\\\/verein\\\/#organization\",\"name\":\"Velpa\",\"url\":\"https:\\\/\\\/velpa.it\\\/verein\\\/\",\"logo\":{\"@type\":\"ImageObject\",\"inLanguage\":\"de\",\"@id\":\"https:\\\/\\\/velpa.it\\\/verein\\\/#\\\/schema\\\/logo\\\/image\\\/\",\"url\":\"https:\\\/\\\/velpa.it\\\/verein\\\/wp-content\\\/uploads\\\/2023\\\/11\\\/Velpa-Logo.png\",\"contentUrl\":\"https:\\\/\\\/velpa.it\\\/verein\\\/wp-content\\\/uploads\\\/2023\\\/11\\\/Velpa-Logo.png\",\"width\":1303,\"height\":652,\"caption\":\"Velpa\"},\"image\":{\"@id\":\"https:\\\/\\\/velpa.it\\\/verein\\\/#\\\/schema\\\/logo\\\/image\\\/\"}}]}<\/script>\n<!-- \/ Yoast SEO plugin. -->","yoast_head_json":{"title":"Willkommen beim VELPA - Velpa","robots":{"index":"noindex","follow":"follow","max-snippet":"max-snippet:-1","max-image-preview":"max-image-preview:large","max-video-preview":"max-video-preview:-1"},"og_locale":"de_DE","og_type":"article","og_title":"Willkommen beim VELPA - Velpa","og_description":"Die organisatorische Leitung obliegt dem Vorstand, bestehend aus folgenden Personen. Aufgabe Name\/Kontakt Vorstandsmitglieder: [vorstand_extended_emailstring] Vorstandsvorsitz: [vorstandvorsitz_extended_emailstring] Vize-Vorstandsvorsitz: [vize_vorstandvorsitz_extended_emailstring] Technischer Kontakt (Einschreibung, Kursanmeldung, Internet\/+account): [technischer_kontakt_extended_emailstring] Allgemeiner Kontakt: [allgemeiner_kontakt_extended_emailstring] Kurse 2025","og_url":"https:\/\/velpa.it\/verein\/","og_site_name":"Velpa","article_modified_time":"2025-03-28T10:59:38+00:00","twitter_card":"summary_large_image","twitter_misc":{"Gesch\u00e4tzte Lesezeit":"1\u00a0Minute"},"schema":{"@context":"https:\/\/schema.org","@graph":[{"@type":"WebPage","@id":"https:\/\/velpa.it\/verein\/","url":"https:\/\/velpa.it\/verein\/","name":"Willkommen beim VELPA - Velpa","isPartOf":{"@id":"https:\/\/velpa.it\/verein\/#website"},"datePublished":"2023-06-09T11:24:47+00:00","dateModified":"2025-03-28T10:59:38+00:00","breadcrumb":{"@id":"https:\/\/velpa.it\/verein\/#breadcrumb"},"inLanguage":"de","potentialAction":[{"@type":"ReadAction","target":["https:\/\/velpa.it\/verein\/"]}]},{"@type":"BreadcrumbList","@id":"https:\/\/velpa.it\/verein\/#breadcrumb","itemListElement":[{"@type":"ListItem","position":1,"name":"Startseite","item":"https:\/\/velpa.it\/verein\/"},{"@type":"ListItem","position":2,"name":"Willkommen beim VELPA"}]},{"@type":"WebSite","@id":"https:\/\/velpa.it\/verein\/#website","url":"https:\/\/velpa.it\/verein\/","name":"Velpa","description":"Verein der Ergotherapeuten, Logop\u00e4den und Physiotherapeuten im Altenbereich","publisher":{"@id":"https:\/\/velpa.it\/verein\/#organization"},"potentialAction":[{"@type":"SearchAction","target":{"@type":"EntryPoint","urlTemplate":"https:\/\/velpa.it\/verein\/?s={search_term_string}"},"query-input":{"@type":"PropertyValueSpecification","valueRequired":true,"valueName":"search_term_string"}}],"inLanguage":"de"},{"@type":"Organization","@id":"https:\/\/velpa.it\/verein\/#organization","name":"Velpa","url":"https:\/\/velpa.it\/verein\/","logo":{"@type":"ImageObject","inLanguage":"de","@id":"https:\/\/velpa.it\/verein\/#\/schema\/logo\/image\/","url":"https:\/\/velpa.it\/verein\/wp-content\/uploads\/2023\/11\/Velpa-Logo.png","contentUrl":"https:\/\/velpa.it\/verein\/wp-content\/uploads\/2023\/11\/Velpa-Logo.png","width":1303,"height":652,"caption":"Velpa"},"image":{"@id":"https:\/\/velpa.it\/verein\/#\/schema\/logo\/image\/"}}]}},"jetpack_sharing_enabled":true,"_links":{"self":[{"href":"https:\/\/velpa.it\/verein\/wp-json\/wp\/v2\/pages\/16","targetHints":{"allow":["GET"]}}],"collection":[{"href":"https:\/\/velpa.it\/verein\/wp-json\/wp\/v2\/pages"}],"about":[{"href":"https:\/\/velpa.it\/verein\/wp-json\/wp\/v2\/types\/page"}],"author":[{"embeddable":true,"href":"https:\/\/velpa.it\/verein\/wp-json\/wp\/v2\/users\/1"}],"replies":[{"embeddable":true,"href":"https:\/\/velpa.it\/verein\/wp-json\/wp\/v2\/comments?post=16"}],"version-history":[{"count":46,"href":"https:\/\/velpa.it\/verein\/wp-json\/wp\/v2\/pages\/16\/revisions"}],"predecessor-version":[{"id":999,"href":"https:\/\/velpa.it\/verein\/wp-json\/wp\/v2\/pages\/16\/revisions\/999"}],"wp:attachment":[{"href":"https:\/\/velpa.it\/verein\/wp-json\/wp\/v2\/media?parent=16"}],"curies":[{"name":"wp","href":"https:\/\/api.w.org\/{rel}","templated":true}]}}