{"id":3,"date":"2023-05-11T06:25:39","date_gmt":"2023-05-11T06:25:39","guid":{"rendered":"https:\/\/velpa.it\/verein\/?page_id=3"},"modified":"2023-10-02T10:09:29","modified_gmt":"2023-10-02T10:09:29","slug":"privacy-policy","status":"publish","type":"page","link":"https:\/\/velpa.it\/verein\/privacy-policy\/","title":{"rendered":"Impressum\/Datenschutz\/Privacy"},"content":{"rendered":"\n<h2 class=\"wp-block-heading\">Impressum<\/h2>\n\n\n\n<p><strong>Betreiber der Seite:<\/strong><br>VELPA-Verein <em>(Verein der Ergotherapeuten, Logop\u00e4den und Physiotherapeuten im Altenbereich)<\/em><\/p>\n\n\n\n<p><strong>Vorstandsvorsitz, gesetzliche Vertretung\/Verantwortung und Sitz des Vereins:<\/strong><br>[vorstandvorsitz_namestring]<br>[vorstandvorsitz_adressestring]<br>[vorstandvorsitz_wohnortstring]<br>[allgemeiner_kontakt_email]<\/p>\n\n\n\n<p><\/p>\n\n\n\n<p><strong>Technische Verantwortung:<\/strong> <em>(Internet, Datenverarbeitung)<\/em><br>[technischer_kontakt_namestring]<br>[technischer_kontakt_adressestring]<br>[technischer_kontakt_wohnortstring]<br>[technischer_kontakt_email]<\/p>\n\n\n\n<hr class=\"wp-block-separator has-alpha-channel-opacity\"\/>\n\n\n\n<h2 class=\"gb-headline gb-headline-580e2079 gb-headline-text\">Datenschutz &amp; Privacy<\/h2>\n\n\n\n<h3 class=\"wp-block-heading\">Informationen zu der Verarbeitung personenbezogener Daten<\/h3>\n\n\n\n<p>Stand: 01.07.2019<\/p>\n\n\n\n<p>Der Schutz Ihrer personenbezogenen Daten ist uns wichtig. In dieser Datenschutzerkl\u00e4rung erl\u00e4utern wir Ihnen, gem\u00e4\u00df der Verordnung (EU) 2016\/679, kurz DSGVO, wie wir Ihre personenbezogenen Daten beim Besuch der Webseite erheben, was wir damit tun, f\u00fcr welche Zwecke und auf welcher Rechtsgrundlage dies geschieht. Au\u00dferdem erhalten Sie Informationen bez\u00fcglich Ihrer Rechte.<\/p>\n\n\n\n<h3 class=\"wp-block-heading\">Name und Kontaktdaten des Verantwortlichen:<\/h3>\n\n\n\n<p><strong>VELPA-Verein<\/strong><br>Vorstandsvorsitzende:&nbsp;<strong>[vorstandvorsitz_emailstring]<\/strong><\/p>\n\n\n\n<p>F\u00fcr Fragen zum Thema Datenschutz kontaktieren Sie uns bitte unter:&nbsp;<strong>[allgemeiner_kontakt_email]<\/strong><\/p>\n\n\n\n<hr class=\"wp-block-separator has-alpha-channel-opacity\"\/>\n\n\n\n<h3 class=\"wp-block-heading\">Kontaktdaten des Datenschutzbeauftragten:<\/h3>\n\n\n\n<p>F\u00fcr unsere Zwecke ist es nicht vorgesehen, einen Datenschutzbeauftragten zu ernennen.<\/p>\n\n\n\n<hr class=\"wp-block-separator has-alpha-channel-opacity\"\/>\n\n\n\n<h3 class=\"wp-block-heading\">Zweck und Rechtsgrundlage der Verarbeitung:<\/h3>\n\n\n\n<p>Wenn Sie unsere Webseiten besuchen, speichern wir bestimmte Informationen:<\/p>\n\n\n\n<ul class=\"wp-block-list\">\n<li>Angaben zu dem von Ihnen verwendeten Browser und Betriebssystem,<\/li>\n\n\n\n<li>das Datum und die Uhrzeit des Besuches,<\/li>\n\n\n\n<li>den Zugriffsstatus (z.B. ob Sie eine Webseite aufrufen konnten oder eine Fehlermeldung erhielten),<\/li>\n\n\n\n<li>die Nutzung von Funktionen der Webseite,<\/li>\n\n\n\n<li>die von Ihnen m\u00f6glicherweise eingegebenen Suchbegriffe,<\/li>\n\n\n\n<li>die H\u00e4ufigkeit, mit der Sie einzelne Webseiten aufrufen,<\/li>\n\n\n\n<li>die Bezeichnung abgerufener Dateien,<\/li>\n\n\n\n<li>die \u00fcbertragene Datenmenge,<\/li>\n\n\n\n<li>die Webseite, von der aus Sie auf unsere Webseiten gelangt sind<\/li>\n\n\n\n<li>die Webseite, die Sie von unseren Webseiten aus besuchen<\/li>\n\n\n\n<li>Au\u00dferdem speichern wir aus Sicherheitsgr\u00fcnden, insbesondere zur Vorbeugung vor und Erkennung von Angriffen auf unsere Webseiten oder Betrugsversuchen, f\u00fcr die Dauer von sieben Tagen Ihre IP-Adresse und den Namen Ihres Internet Service Providers.<\/li>\n<\/ul>\n\n\n\n<p>Die vor\u00fcbergehende Speicherung der IP-Adresse durch das System ist notwendig, um eine Bindung der Website an den Rechner des Nutzers zu erm\u00f6glichen. Hierf\u00fcr muss die IP-Adresse der betroffenen Person f\u00fcr die gesamte Dauer der Sitzung gespeichert bleiben.<\/p>\n\n\n\n<h4 class=\"wp-block-heading\">Zweck:<\/h4>\n\n\n\n<p>1. Die beim Besuch auf unserer Webseite erhobenen personenbezogenen Daten verwenden wir, um diese nutzerfreundlich zu betreiben sowie unsere Systeme vor Angriffen zu sch\u00fctzen.<\/p>\n\n\n\n<p>2. Soweit Sie uns personenbezogene Daten z.B. im Rahmen einer Registrierung, eines Kontaktformulars, einen Erfahrungsbericht oder zur Erf\u00fcllung eines Vertrages mitteilen, bitten wir Sie, die dort verlinkte Datenschutzerkl\u00e4rung zu lesen.<\/p>\n\n\n\n<h4 class=\"wp-block-heading\">Rechtsgrundlage:<\/h4>\n\n\n\n<p>1. Soweit Sie uns f\u00fcr die Verarbeitung Ihrer personenbezogenen Daten eine Einwilligung erteilt haben, stellte diese die Rechtsgrundlage f\u00fcr die Verarbeitung dar (siehe Art. 6, Absatz, 1 Buchstabe a) DSGVO).<\/p>\n\n\n\n<p>2. F\u00fcr eine Verarbeitung personenbezogener Daten f\u00fcr die Zwecke der Angebotserstellung oder der Erf\u00fcllung eines Vertrages mit Ihnen ist Art. 6, Absatz 1, Buchstabe b) DSGVO die Rechtsgrundlage.<\/p>\n\n\n\n<p>3. Soweit die Verarbeitung Ihrer personenbezogenen Daten zur Erf\u00fcllung unserer rechtlichen Verpflichtungen erforderlich ist, sind wir dazu gem\u00e4\u00df Art. 6, Absatz 1, Buchstabe c) der DSGVO befugt.<\/p>\n\n\n\n<p>4. Au\u00dferdem verarbeiten wir personenbezogene Daten zu Zwecken der Wahrnehmung unserer berechtigten Interessen gem\u00e4\u00df Art. 6, Absatz 1, Buchstabe f) DSGVO.<\/p>\n\n\n\n<hr class=\"wp-block-separator has-alpha-channel-opacity\"\/>\n\n\n\n<h3 class=\"wp-block-heading\">Berechtigte Interessen:<\/h3>\n\n\n\n<p>Die Erhaltung der Funktionsf\u00e4higkeit der IT-Systeme, aber auch die Bewerbung der Aktivit\u00e4ten des Vereins sowie die Dokumentation von Kontakten sind solche berechtigten Interessen.<\/p>\n\n\n\n<hr class=\"wp-block-separator has-alpha-channel-opacity\"\/>\n\n\n\n<h3 class=\"wp-block-heading\">Absicht der \u00dcbermittlung an ein Drittland oder eine internationale Organisation:<\/h3>\n\n\n\n<p>Ihre Daten werden von uns in keine Drittl\u00e4nder oder an internationale Organisationen \u00fcbermittelt. Sollte Ihre Daten beim Webseitenbesuch durch eingebaute Funktionen an Drittl\u00e4nder \u00fcbermittelt werden, wenden Sie sich bitte an die zust\u00e4ndigen Verantwortlichen.<\/p>\n\n\n\n<hr class=\"wp-block-separator has-alpha-channel-opacity\"\/>\n\n\n\n<h3 class=\"wp-block-heading\">Dauer der Speicherung:<\/h3>\n\n\n\n<p>Die Daten werden gel\u00f6scht, sobald sie f\u00fcr unsere Aufzeichnungszwecke nicht mehr ben\u00f6tigt werden. Sollten Sie n\u00e4here Informationen \u00fcber die L\u00f6schstrategie w\u00fcnschen, kontaktieren Sie bitten den Datenschutzbeauftragten.<\/p>\n\n\n\n<hr class=\"wp-block-separator has-alpha-channel-opacity\"\/>\n\n\n\n<h3 class=\"wp-block-heading\">Ihre Rechte:<\/h3>\n\n\n\n<p>Jede betroffene Person hat das Recht, eine einmal erteilte Einwilligung zu widerrufen nach Art. 7 Abs. 3 DSGVO, das Recht auf Auskunft nach Artikel 15 DSGVO, das Recht auf Berichtigung nach Artikel 16 DSGVO, das Recht auf L\u00f6schung nach Artikel 17 DSGVO, das Recht auf Einschr\u00e4nkung der Verarbeitung nach Artikel 18 DSGVO, das Recht auf Widerspruch aus Artikel 21 DSGVO sowie das Recht auf Daten\u00fcbertragbarkeit aus Artikel 20 DSGVO. Dar\u00fcber hinaus besteht ein Beschwerderecht bei einer Datenschutzaufsichtsbeh\u00f6rde (Artikel 77 DSGVO). In Italien ist diese Beh\u00f6rde der \u201eGarante per la protezione dei dati personali\u201c mit Sitz in Rom (www.granteprivacy.it)<\/p>\n\n\n\n<p>Soweit Sie uns eine Einwilligung zur Verarbeitung von personenbezogenen Daten f\u00fcr die o.g. Zwecke erteilt haben, ist die Rechtm\u00e4\u00dfigkeit dieser Verarbeitung auf Basis Ihrer Einwilligung gegeben. Eine erteilte Einwilligung kann jederzeit widerrufen werden. Dies gilt auch f\u00fcr den Widerruf von Einwilligungserkl\u00e4rungen, die vor der Geltung der EU-Datenschutz-Grundverordnung, also vor dem 25. Mai 2018, uns gegen\u00fcber erteilt worden sind. Bitte beachten Sie, dass der Widerruf erst f\u00fcr die Zukunft wirkt. Verarbeitungen, die vor dem Widerruf erfolgt sind, sind davon nicht betroffen. Eine \u00dcbersicht der von Ihnen erteilten Einwilligungen k\u00f6nnen Sie jederzeit bei uns anfordern.<\/p>\n\n\n\n<hr class=\"wp-block-separator has-alpha-channel-opacity\"\/>\n\n\n\n<h3 class=\"wp-block-heading\">Bereitstellung der personenbezogenen Daten:<\/h3>\n\n\n\n<p>Sie sind weder gesetzlich noch vertraglich verpflichtet, uns Ihre personenbezogenen Daten zur Nutzung der Webseite zu \u00fcberlassen.<\/p>\n\n\n\n<p>Die Erfassung der Daten zur Bereitstellung der Website und die Speicherung der Daten in Logfiles ist f\u00fcr den Betrieb der Internetseite zwingend erforderlich.<\/p>\n\n\n\n<hr class=\"wp-block-separator has-alpha-channel-opacity\"\/>\n\n\n\n<h3 class=\"wp-block-heading\">Automatisierte Entscheidungsfindung:<\/h3>\n\n\n\n<p>Eine automatisierte Entscheidungsfindung, einschlie\u00dflich Profiling gem\u00e4\u00df Art. 22 Abs. 1 und 4 DSGVO, ist nicht vorgesehen.<\/p>\n\n\n\n<hr class=\"wp-block-separator has-alpha-channel-opacity\"\/>\n\n\n\n<h3 class=\"wp-block-heading\">Verwendung der Daten f\u00fcr andere Zwecke:<\/h3>\n\n\n\n<p>Eine Verwendung Ihrer Daten f\u00fcr andere Zwecke, als jene f\u00fcr die sie erhoben wurden, ist nicht vorgesehen.<\/p>\n\n\n\n<p><strong><em>Hinweis:<\/em><\/strong><em>&nbsp;Dies Datenschutzerkl\u00e4rung kann sich aufgrund neuer europ\u00e4ischer Bestimmungen oder Vorgaben der Datenschutzbeh\u00f6rde jederzeit \u00e4ndern. Deshalb ist es geboten, dass Sie diese Erkl\u00e4rung gelegentlich auf Aktualisierungen pr\u00fcfen.<\/em><\/p>\n\n\n\n<p>Zur Verwaltung der eingesetzten Cookies und \u00e4hnlichen Technologien (Tracking-Pixel, Web-Beacons etc.) und diesbez\u00fcglicher Einwilligungen setzen wir das Consent Tool &#8222;Real Cookie Banner&#8220; ein. Details zur Funktionsweise von &#8222;Real Cookie Banner&#8220; findest du unter <a href=\"https:\/\/devowl.io\/de\/rcb\/datenverarbeitung\/\" rel=\"noreferrer noopener\" target=\"_blank\">https:\/\/devowl.io\/de\/rcb\/datenverarbeitung\/<\/a>.<\/p>\n\n\n\n<p>Rechtsgrundlagen f\u00fcr die Verarbeitung von personenbezogenen Daten in diesem Zusammenhang sind Art. 6 Abs. 1 lit. c DS-GVO und Art. 6 Abs. 1 lit. f DS-GVO. Unser berechtigtes Interesse ist die Verwaltung der eingesetzten Cookies und \u00e4hnlichen Technologien und der diesbez\u00fcglichen Einwilligungen.<\/p>\n\n\n\n<p>Die Bereitstellung der personenbezogenen Daten ist weder vertraglich vorgeschrieben noch f\u00fcr den Abschluss eines Vertrages notwendig. Du bist nicht verpflichtet die personenbezogenen Daten bereitzustellen. Wenn du die personenbezogenen Daten nicht bereitstellst, k\u00f6nnen wir deine Einwilligungen nicht verwalten.<\/p>\n","protected":false},"excerpt":{"rendered":"<p>Impressum Betreiber der Seite:VELPA-Verein (Verein der Ergotherapeuten, Logop\u00e4den und Physiotherapeuten im Altenbereich) Vorstandsvorsitz, gesetzliche Vertretung\/Verantwortung und Sitz des Vereins:[vorstandvorsitz_namestring][vorstandvorsitz_adressestring][vorstandvorsitz_wohnortstring][allgemeiner_kontakt_email] Technische Verantwortung: (Internet, Datenverarbeitung)[technischer_kontakt_namestring][technischer_kontakt_adressestring][technischer_kontakt_wohnortstring][technischer_kontakt_email] Datenschutz &amp; Privacy Informationen zu der Verarbeitung personenbezogener Daten Stand: 01.07.2019 Der Schutz Ihrer personenbezogenen Daten ist uns wichtig. In dieser Datenschutzerkl\u00e4rung erl\u00e4utern wir Ihnen, gem\u00e4\u00df der Verordnung (EU) 2016\/679, kurz DSGVO, &#8230; <a title=\"Impressum\/Datenschutz\/Privacy\" class=\"read-more\" href=\"https:\/\/velpa.it\/verein\/privacy-policy\/\" aria-label=\"Mehr Informationen \u00fcber Impressum\/Datenschutz\/Privacy\">Weiterlesen &#8230;<\/a><\/p>\n","protected":false},"author":1,"featured_media":0,"parent":0,"menu_order":4,"comment_status":"closed","ping_status":"closed","template":"","meta":{"footnotes":""},"class_list":["post-3","page","type-page","status-publish"],"yoast_head":"<!-- This site is optimized with the Yoast SEO plugin v27.5 - https:\/\/yoast.com\/product\/yoast-seo-wordpress\/ -->\n<title>Impressum\/Datenschutz\/Privacy - Velpa<\/title>\n<meta name=\"robots\" content=\"noindex, follow, max-snippet:-1, max-image-preview:large, max-video-preview:-1\" \/>\n<meta property=\"og:locale\" content=\"de_DE\" \/>\n<meta property=\"og:type\" content=\"article\" \/>\n<meta property=\"og:title\" content=\"Impressum\/Datenschutz\/Privacy - Velpa\" \/>\n<meta property=\"og:description\" content=\"Impressum Betreiber der Seite:VELPA-Verein (Verein der Ergotherapeuten, Logop\u00e4den und Physiotherapeuten im Altenbereich) Vorstandsvorsitz, gesetzliche Vertretung\/Verantwortung und Sitz des Vereins:[vorstandvorsitz_namestring][vorstandvorsitz_adressestring][vorstandvorsitz_wohnortstring][allgemeiner_kontakt_email] Technische Verantwortung: (Internet, Datenverarbeitung)[technischer_kontakt_namestring][technischer_kontakt_adressestring][technischer_kontakt_wohnortstring][technischer_kontakt_email] Datenschutz &amp; Privacy Informationen zu der Verarbeitung personenbezogener Daten Stand: 01.07.2019 Der Schutz Ihrer personenbezogenen Daten ist uns wichtig. In dieser Datenschutzerkl\u00e4rung erl\u00e4utern wir Ihnen, gem\u00e4\u00df der Verordnung (EU) 2016\/679, kurz DSGVO, ... Weiterlesen ...\" \/>\n<meta property=\"og:url\" content=\"https:\/\/velpa.it\/verein\/privacy-policy\/\" \/>\n<meta property=\"og:site_name\" content=\"Velpa\" \/>\n<meta property=\"article:modified_time\" content=\"2023-10-02T10:09:29+00:00\" \/>\n<meta name=\"twitter:card\" content=\"summary_large_image\" \/>\n<meta name=\"twitter:label1\" content=\"Gesch\u00e4tzte Lesezeit\" \/>\n\t<meta name=\"twitter:data1\" content=\"5\u00a0Minuten\" \/>\n<script type=\"application\/ld+json\" class=\"yoast-schema-graph\">{\"@context\":\"https:\\\/\\\/schema.org\",\"@graph\":[{\"@type\":\"WebPage\",\"@id\":\"https:\\\/\\\/velpa.it\\\/verein\\\/privacy-policy\\\/\",\"url\":\"https:\\\/\\\/velpa.it\\\/verein\\\/privacy-policy\\\/\",\"name\":\"Impressum\\\/Datenschutz\\\/Privacy - Velpa\",\"isPartOf\":{\"@id\":\"https:\\\/\\\/velpa.it\\\/verein\\\/#website\"},\"datePublished\":\"2023-05-11T06:25:39+00:00\",\"dateModified\":\"2023-10-02T10:09:29+00:00\",\"breadcrumb\":{\"@id\":\"https:\\\/\\\/velpa.it\\\/verein\\\/privacy-policy\\\/#breadcrumb\"},\"inLanguage\":\"de\",\"potentialAction\":[{\"@type\":\"ReadAction\",\"target\":[\"https:\\\/\\\/velpa.it\\\/verein\\\/privacy-policy\\\/\"]}]},{\"@type\":\"BreadcrumbList\",\"@id\":\"https:\\\/\\\/velpa.it\\\/verein\\\/privacy-policy\\\/#breadcrumb\",\"itemListElement\":[{\"@type\":\"ListItem\",\"position\":1,\"name\":\"Startseite\",\"item\":\"https:\\\/\\\/velpa.it\\\/verein\\\/\"},{\"@type\":\"ListItem\",\"position\":2,\"name\":\"Impressum\\\/Datenschutz\\\/Privacy\"}]},{\"@type\":\"WebSite\",\"@id\":\"https:\\\/\\\/velpa.it\\\/verein\\\/#website\",\"url\":\"https:\\\/\\\/velpa.it\\\/verein\\\/\",\"name\":\"Velpa\",\"description\":\"Verein der Ergotherapeuten, Logop\u00e4den und Physiotherapeuten im Altenbereich\",\"publisher\":{\"@id\":\"https:\\\/\\\/velpa.it\\\/verein\\\/#organization\"},\"potentialAction\":[{\"@type\":\"SearchAction\",\"target\":{\"@type\":\"EntryPoint\",\"urlTemplate\":\"https:\\\/\\\/velpa.it\\\/verein\\\/?s={search_term_string}\"},\"query-input\":{\"@type\":\"PropertyValueSpecification\",\"valueRequired\":true,\"valueName\":\"search_term_string\"}}],\"inLanguage\":\"de\"},{\"@type\":\"Organization\",\"@id\":\"https:\\\/\\\/velpa.it\\\/verein\\\/#organization\",\"name\":\"Velpa\",\"url\":\"https:\\\/\\\/velpa.it\\\/verein\\\/\",\"logo\":{\"@type\":\"ImageObject\",\"inLanguage\":\"de\",\"@id\":\"https:\\\/\\\/velpa.it\\\/verein\\\/#\\\/schema\\\/logo\\\/image\\\/\",\"url\":\"https:\\\/\\\/velpa.it\\\/verein\\\/wp-content\\\/uploads\\\/2023\\\/11\\\/Velpa-Logo.png\",\"contentUrl\":\"https:\\\/\\\/velpa.it\\\/verein\\\/wp-content\\\/uploads\\\/2023\\\/11\\\/Velpa-Logo.png\",\"width\":1303,\"height\":652,\"caption\":\"Velpa\"},\"image\":{\"@id\":\"https:\\\/\\\/velpa.it\\\/verein\\\/#\\\/schema\\\/logo\\\/image\\\/\"}}]}<\/script>\n<!-- \/ Yoast SEO plugin. -->","yoast_head_json":{"title":"Impressum\/Datenschutz\/Privacy - Velpa","robots":{"index":"noindex","follow":"follow","max-snippet":"max-snippet:-1","max-image-preview":"max-image-preview:large","max-video-preview":"max-video-preview:-1"},"og_locale":"de_DE","og_type":"article","og_title":"Impressum\/Datenschutz\/Privacy - Velpa","og_description":"Impressum Betreiber der Seite:VELPA-Verein (Verein der Ergotherapeuten, Logop\u00e4den und Physiotherapeuten im Altenbereich) Vorstandsvorsitz, gesetzliche Vertretung\/Verantwortung und Sitz des Vereins:[vorstandvorsitz_namestring][vorstandvorsitz_adressestring][vorstandvorsitz_wohnortstring][allgemeiner_kontakt_email] Technische Verantwortung: (Internet, Datenverarbeitung)[technischer_kontakt_namestring][technischer_kontakt_adressestring][technischer_kontakt_wohnortstring][technischer_kontakt_email] Datenschutz &amp; Privacy Informationen zu der Verarbeitung personenbezogener Daten Stand: 01.07.2019 Der Schutz Ihrer personenbezogenen Daten ist uns wichtig. In dieser Datenschutzerkl\u00e4rung erl\u00e4utern wir Ihnen, gem\u00e4\u00df der Verordnung (EU) 2016\/679, kurz DSGVO, ... Weiterlesen ...","og_url":"https:\/\/velpa.it\/verein\/privacy-policy\/","og_site_name":"Velpa","article_modified_time":"2023-10-02T10:09:29+00:00","twitter_card":"summary_large_image","twitter_misc":{"Gesch\u00e4tzte Lesezeit":"5\u00a0Minuten"},"schema":{"@context":"https:\/\/schema.org","@graph":[{"@type":"WebPage","@id":"https:\/\/velpa.it\/verein\/privacy-policy\/","url":"https:\/\/velpa.it\/verein\/privacy-policy\/","name":"Impressum\/Datenschutz\/Privacy - Velpa","isPartOf":{"@id":"https:\/\/velpa.it\/verein\/#website"},"datePublished":"2023-05-11T06:25:39+00:00","dateModified":"2023-10-02T10:09:29+00:00","breadcrumb":{"@id":"https:\/\/velpa.it\/verein\/privacy-policy\/#breadcrumb"},"inLanguage":"de","potentialAction":[{"@type":"ReadAction","target":["https:\/\/velpa.it\/verein\/privacy-policy\/"]}]},{"@type":"BreadcrumbList","@id":"https:\/\/velpa.it\/verein\/privacy-policy\/#breadcrumb","itemListElement":[{"@type":"ListItem","position":1,"name":"Startseite","item":"https:\/\/velpa.it\/verein\/"},{"@type":"ListItem","position":2,"name":"Impressum\/Datenschutz\/Privacy"}]},{"@type":"WebSite","@id":"https:\/\/velpa.it\/verein\/#website","url":"https:\/\/velpa.it\/verein\/","name":"Velpa","description":"Verein der Ergotherapeuten, Logop\u00e4den und Physiotherapeuten im Altenbereich","publisher":{"@id":"https:\/\/velpa.it\/verein\/#organization"},"potentialAction":[{"@type":"SearchAction","target":{"@type":"EntryPoint","urlTemplate":"https:\/\/velpa.it\/verein\/?s={search_term_string}"},"query-input":{"@type":"PropertyValueSpecification","valueRequired":true,"valueName":"search_term_string"}}],"inLanguage":"de"},{"@type":"Organization","@id":"https:\/\/velpa.it\/verein\/#organization","name":"Velpa","url":"https:\/\/velpa.it\/verein\/","logo":{"@type":"ImageObject","inLanguage":"de","@id":"https:\/\/velpa.it\/verein\/#\/schema\/logo\/image\/","url":"https:\/\/velpa.it\/verein\/wp-content\/uploads\/2023\/11\/Velpa-Logo.png","contentUrl":"https:\/\/velpa.it\/verein\/wp-content\/uploads\/2023\/11\/Velpa-Logo.png","width":1303,"height":652,"caption":"Velpa"},"image":{"@id":"https:\/\/velpa.it\/verein\/#\/schema\/logo\/image\/"}}]}},"jetpack_sharing_enabled":true,"_links":{"self":[{"href":"https:\/\/velpa.it\/verein\/wp-json\/wp\/v2\/pages\/3","targetHints":{"allow":["GET"]}}],"collection":[{"href":"https:\/\/velpa.it\/verein\/wp-json\/wp\/v2\/pages"}],"about":[{"href":"https:\/\/velpa.it\/verein\/wp-json\/wp\/v2\/types\/page"}],"author":[{"embeddable":true,"href":"https:\/\/velpa.it\/verein\/wp-json\/wp\/v2\/users\/1"}],"replies":[{"embeddable":true,"href":"https:\/\/velpa.it\/verein\/wp-json\/wp\/v2\/comments?post=3"}],"version-history":[{"count":19,"href":"https:\/\/velpa.it\/verein\/wp-json\/wp\/v2\/pages\/3\/revisions"}],"predecessor-version":[{"id":697,"href":"https:\/\/velpa.it\/verein\/wp-json\/wp\/v2\/pages\/3\/revisions\/697"}],"wp:attachment":[{"href":"https:\/\/velpa.it\/verein\/wp-json\/wp\/v2\/media?parent=3"}],"curies":[{"name":"wp","href":"https:\/\/api.w.org\/{rel}","templated":true}]}}