{"id":32,"date":"2023-06-09T11:56:09","date_gmt":"2023-06-09T11:56:09","guid":{"rendered":"https:\/\/velpa.it\/verein\/?page_id=32"},"modified":"2023-06-09T12:38:23","modified_gmt":"2023-06-09T12:38:23","slug":"registrierung","status":"publish","type":"page","link":"https:\/\/velpa.it\/verein\/registrierung\/","title":{"rendered":"Registrierung"},"content":{"rendered":"\n<div id=\"wpmem_reg\"><a id=\"register\"><\/a><form name=\"form\" method=\"post\" action=\"https:\/\/velpa.it\/verein\/registrierung\/\" id=\"wpmem_register_form\" class=\"form\"><input type=\"hidden\" id=\"_wpmem_register_nonce\" name=\"_wpmem_register_nonce\" value=\"74030cde74\" \/><input type=\"hidden\" name=\"_wp_http_referer\" value=\"\/verein\/wp-json\/wp\/v2\/pages\/32\" \/><fieldset><legend>Registrieren<\/legend><label for=\"first_name\" class=\"text\">Vorname<span class=\"req\">*<\/span><\/label><div class=\"div_text\"><input name=\"first_name\" type=\"text\" id=\"first_name\" value=\"\" class=\"textbox\" title=\"Vorname\" required  \/><\/div><label for=\"last_name\" class=\"text\">Nachname<span class=\"req\">*<\/span><\/label><div class=\"div_text\"><input name=\"last_name\" type=\"text\" id=\"last_name\" value=\"\" class=\"textbox\" title=\"Nachname\" required  \/><\/div><label for=\"velpa_berufsgruppe\" class=\"radio\">Berufsgruppe<span class=\"req\">*<\/span><\/label><div class=\"div_radio\"><input type=\"radio\" name=\"velpa_berufsgruppe\" id=\"velpa_berufsgruppe_1\" value=\"Ergotherapeut\/in\" required > <label for=\"velpa_berufsgruppe_1\" id=\"label_velpa_berufsgruppe_1\" class=\"radio\">Ergotherapeut\/in<\/label><br \/><input type=\"radio\" name=\"velpa_berufsgruppe\" id=\"velpa_berufsgruppe_2\" value=\"Physiotherapeut\/in\" required > <label for=\"velpa_berufsgruppe_2\" id=\"label_velpa_berufsgruppe_2\" class=\"radio\">Physiotherapeut\/in<\/label><br \/><input type=\"radio\" name=\"velpa_berufsgruppe\" id=\"velpa_berufsgruppe_3\" value=\"Logop\u00e4d(e)\/in\" required > <label for=\"velpa_berufsgruppe_3\" id=\"label_velpa_berufsgruppe_3\" class=\"radio\">Logop\u00e4d(e)\/in<\/label><br \/><\/div><label for=\"velpa_adresse\" class=\"text\">Adresse<span class=\"req\">*<\/span><\/label><div class=\"div_text\"><input name=\"velpa_adresse\" type=\"text\" id=\"velpa_adresse\" value=\"\" class=\"textbox\" title=\"Deine Adresse\" required  \/><\/div><label for=\"velpa_wohnort\" class=\"text\">Wohnort<span class=\"req\">*<\/span><\/label><div class=\"div_text\"><input name=\"velpa_wohnort\" type=\"text\" id=\"velpa_wohnort\" value=\"\" class=\"textbox\" title=\"Wohnort\" required  \/><\/div><label for=\"velpa_geburtsdatum\" class=\"text\">Geburtsdatum<span class=\"req\">*<\/span><\/label><div class=\"div_text\"><input name=\"velpa_geburtsdatum\" type=\"text\" id=\"velpa_geburtsdatum\" value=\"\" class=\"textbox\" title=\"Geburtsdatum\" required  \/><\/div><label for=\"velpa_telefon\" class=\"text\">Telefon<span class=\"req\">*<\/span><\/label><div class=\"div_text\"><input name=\"velpa_telefon\" type=\"text\" id=\"velpa_telefon\" value=\"\" class=\"textbox\" title=\"Telefon\" required  \/><\/div><label for=\"velpa_steuernummer\" class=\"text\">Steuernummer<span class=\"req\">*<\/span><\/label><div class=\"div_text\"><input name=\"velpa_steuernummer\" type=\"text\" id=\"velpa_steuernummer\" value=\"\" class=\"textbox\" title=\"Steuernummer\" required  \/><\/div><label for=\"username\" class=\"text\">Benutzername<span class=\"req\">*<\/span><\/label><div class=\"div_text\"><input name=\"username\" type=\"text\" id=\"username\" value=\"\" class=\"textbox\" title=\"Benutzername\" required  \/><\/div><label for=\"user_email\" class=\"text\">E-Mail<span class=\"req\">*<\/span><\/label><div class=\"div_text\"><input name=\"user_email\" type=\"email\" id=\"user_email\" value=\"\" class=\"textbox\" title=\"E-Mail\" required  \/><\/div><label for=\"confirm_email\" class=\"text\">Email best\u00e4tigen<span class=\"req\">*<\/span><\/label><div class=\"div_text\"><input name=\"confirm_email\" type=\"email\" id=\"confirm_email\" value=\"\" class=\"textbox\" title=\"Email best\u00e4tigen\" required  \/><\/div><label for=\"password\" class=\"text\">Passwort<span class=\"req\">*<\/span><\/label><div class=\"div_text\"><input name=\"password\" type=\"password\" id=\"password\" class=\"textbox\" title=\"Passwort\" required  \/><\/div><label for=\"confirm_password\" class=\"text\">Passwort best\u00e4tigen<span class=\"req\">*<\/span><\/label><div class=\"div_text\"><input name=\"confirm_password\" type=\"password\" id=\"confirm_password\" class=\"textbox\" title=\"Passwort best\u00e4tigen\" required  \/><\/div><label for=\"velpa_arbeitgeber_name\" class=\"text\">Arbeitgeber Name<span class=\"req\">*<\/span><\/label><div class=\"div_text\"><input name=\"velpa_arbeitgeber_name\" type=\"text\" id=\"velpa_arbeitgeber_name\" value=\"\" class=\"textbox\" title=\"Arbeitgeber Name\" required  \/><\/div><label for=\"velpa_arbeitgeber_adresse\" class=\"text\">Arbeitgeber Adresse<span class=\"req\">*<\/span><\/label><div class=\"div_text\"><input name=\"velpa_arbeitgeber_adresse\" type=\"text\" id=\"velpa_arbeitgeber_adresse\" value=\"\" class=\"textbox\" title=\"Arbeitgeber Adresse\" required  \/><\/div><label for=\"velpa_arbeitgeber_ort\" class=\"text\">Arbeitgeber Ort<span class=\"req\">*<\/span><\/label><div class=\"div_text\"><input name=\"velpa_arbeitgeber_ort\" type=\"text\" id=\"velpa_arbeitgeber_ort\" value=\"\" class=\"textbox\" title=\"Arbeitgeber Ort\" required  \/><\/div><label for=\"velpa_arbeitgeber_telefon\" class=\"text\">Arbeitgeber Telefon<span class=\"req\">*<\/span><\/label><div class=\"div_text\"><input name=\"velpa_arbeitgeber_telefon\" type=\"text\" id=\"velpa_arbeitgeber_telefon\" value=\"\" class=\"textbox\" title=\"Arbeitgeber Telefon\" required  \/><\/div><label for=\"velpa_arbeitgeber_email\" class=\"text\">Arbeitgeber Email<span class=\"req\">*<\/span><\/label><div class=\"div_text\"><input name=\"velpa_arbeitgeber_email\" type=\"email\" id=\"velpa_arbeitgeber_email\" value=\"\" class=\"textbox\" title=\"Arbeitgeber Email\" required  \/><\/div><div class=\"div_checkbox\"><input name=\"velpa_datenschutz\" type=\"checkbox\" id=\"velpa_datenschutz\" value=\"akzeptiert\" checked='checked' required  \/> <label for=\"velpa_datenschutz\"><label for=\"velpa_datenschutz\" class=\"checkbox\">Best\u00e4tigung \u00fcber den Erhalt der Informationen laut Art. 13 Verordnung (EU) 679\/2016 \u2013 Datenschutzgrundverordnun (DSGVO) und den g\u00fcltigen nationalen Bestimmungen.<span class=\"req\">*<\/span><\/label><\/label><\/div><div class=\"div_checkbox\"><input name=\"velpa_satzung\" type=\"checkbox\" id=\"velpa_satzung\" value=\"akzeptiert\" checked='checked' required  \/> <label for=\"velpa_satzung\"><label for=\"velpa_satzung\" class=\"checkbox\">Ich habe die Satzung und die Statuten gelesen<span class=\"req\">*<\/span><\/label><\/label><\/div><div class=\"div_checkbox\"><input name=\"velpa_personliche_daten\" type=\"checkbox\" id=\"velpa_personliche_daten\" value=\"akzeptiert\" checked='checked' required  \/> <label for=\"velpa_personliche_daten\"><label for=\"velpa_personliche_daten\" class=\"checkbox\">Nach erfolgter Aufkl\u00e4rung \u00fcber die Nutzung meiner pers\u00f6nlichen Daten laut Art. 10 des Gesetztes Nr. 675\/96, stimme ich der Verarbeitung dieser Daten f\u00fcr die Erreichung der Satzungszwecke zu. Mit dieser Erkl\u00e4rung trete ich dem VELPA bei. Damit entstehen gegen\u00fcber des VELPA keinerlei finanzielle, materielle sowie sonstige Forderungsanspruche, wie beispielsweise die Teilhabe an den Fortbildungen. Die Mitgliedschaft kann jederzeit gek\u00fcndigt werden. Eine R\u00fcckerstattung von bereits bezahlten Beitr\u00e4gen ist nicht m\u00f6glich. Der Vorstand des VELPA beh\u00e4lt sich das Recht vor, Mitglieder in begr\u00fcndeten Ausnahmef\u00e4llen auszuschlie\u00dfen.<span class=\"req\">*<\/span><\/label><\/label><\/div><div class=\"clear\"><\/div><div class=\"captcha\"><script src=\"https:\/\/www.google.com\/recaptcha\/api.js\" async defer><\/script><div class=\"g-recaptcha\" data-sitekey=\"6LfAe8smAAAAACXt44bC_uI3cEQGvnHi5R_8YF_g\"><\/div><\/div><input name=\"full_access\" type=\"hidden\" value=\"1\" \/><input name=\"a\" type=\"hidden\" value=\"register\" \/><input name=\"wpmem_reg_page\" type=\"hidden\" value=\"https:\/\/velpa.it\/verein\/registrierung\/\" \/><div class=\"button_div\"><input name=\"submit\" type=\"submit\" value=\"Registrieren\" class=\"buttons\" \/><\/div><div class=\"req-text\"><span class=\"req\">*<\/span>Pflichtfeld<\/div><\/fieldset><\/form><\/div>\n","protected":false},"excerpt":{"rendered":"","protected":false},"author":1,"featured_media":0,"parent":0,"menu_order":0,"comment_status":"closed","ping_status":"closed","template":"","meta":{"footnotes":""},"class_list":["post-32","page","type-page","status-publish"],"yoast_head":"<!-- This site is optimized with the Yoast SEO plugin v27.5 - https:\/\/yoast.com\/product\/yoast-seo-wordpress\/ -->\n<title>Registrierung - Velpa<\/title>\n<meta name=\"robots\" content=\"noindex, follow, max-snippet:-1, max-image-preview:large, max-video-preview:-1\" \/>\n<meta property=\"og:locale\" content=\"de_DE\" \/>\n<meta property=\"og:type\" content=\"article\" \/>\n<meta property=\"og:title\" content=\"Registrierung - Velpa\" \/>\n<meta property=\"og:url\" content=\"https:\/\/velpa.it\/verein\/registrierung\/\" \/>\n<meta property=\"og:site_name\" content=\"Velpa\" \/>\n<meta property=\"article:modified_time\" content=\"2023-06-09T12:38:23+00:00\" \/>\n<meta name=\"twitter:card\" content=\"summary_large_image\" \/>\n<script type=\"application\/ld+json\" class=\"yoast-schema-graph\">{\"@context\":\"https:\\\/\\\/schema.org\",\"@graph\":[{\"@type\":\"WebPage\",\"@id\":\"https:\\\/\\\/velpa.it\\\/verein\\\/registrierung\\\/\",\"url\":\"https:\\\/\\\/velpa.it\\\/verein\\\/registrierung\\\/\",\"name\":\"Registrierung - Velpa\",\"isPartOf\":{\"@id\":\"https:\\\/\\\/velpa.it\\\/verein\\\/#website\"},\"datePublished\":\"2023-06-09T11:56:09+00:00\",\"dateModified\":\"2023-06-09T12:38:23+00:00\",\"breadcrumb\":{\"@id\":\"https:\\\/\\\/velpa.it\\\/verein\\\/registrierung\\\/#breadcrumb\"},\"inLanguage\":\"de\",\"potentialAction\":[{\"@type\":\"ReadAction\",\"target\":[\"https:\\\/\\\/velpa.it\\\/verein\\\/registrierung\\\/\"]}]},{\"@type\":\"BreadcrumbList\",\"@id\":\"https:\\\/\\\/velpa.it\\\/verein\\\/registrierung\\\/#breadcrumb\",\"itemListElement\":[{\"@type\":\"ListItem\",\"position\":1,\"name\":\"Startseite\",\"item\":\"https:\\\/\\\/velpa.it\\\/verein\\\/\"},{\"@type\":\"ListItem\",\"position\":2,\"name\":\"Registrierung\"}]},{\"@type\":\"WebSite\",\"@id\":\"https:\\\/\\\/velpa.it\\\/verein\\\/#website\",\"url\":\"https:\\\/\\\/velpa.it\\\/verein\\\/\",\"name\":\"Velpa\",\"description\":\"Verein der Ergotherapeuten, Logop\u00e4den und Physiotherapeuten im Altenbereich\",\"publisher\":{\"@id\":\"https:\\\/\\\/velpa.it\\\/verein\\\/#organization\"},\"potentialAction\":[{\"@type\":\"SearchAction\",\"target\":{\"@type\":\"EntryPoint\",\"urlTemplate\":\"https:\\\/\\\/velpa.it\\\/verein\\\/?s={search_term_string}\"},\"query-input\":{\"@type\":\"PropertyValueSpecification\",\"valueRequired\":true,\"valueName\":\"search_term_string\"}}],\"inLanguage\":\"de\"},{\"@type\":\"Organization\",\"@id\":\"https:\\\/\\\/velpa.it\\\/verein\\\/#organization\",\"name\":\"Velpa\",\"url\":\"https:\\\/\\\/velpa.it\\\/verein\\\/\",\"logo\":{\"@type\":\"ImageObject\",\"inLanguage\":\"de\",\"@id\":\"https:\\\/\\\/velpa.it\\\/verein\\\/#\\\/schema\\\/logo\\\/image\\\/\",\"url\":\"https:\\\/\\\/velpa.it\\\/verein\\\/wp-content\\\/uploads\\\/2023\\\/11\\\/Velpa-Logo.png\",\"contentUrl\":\"https:\\\/\\\/velpa.it\\\/verein\\\/wp-content\\\/uploads\\\/2023\\\/11\\\/Velpa-Logo.png\",\"width\":1303,\"height\":652,\"caption\":\"Velpa\"},\"image\":{\"@id\":\"https:\\\/\\\/velpa.it\\\/verein\\\/#\\\/schema\\\/logo\\\/image\\\/\"}}]}<\/script>\n<!-- \/ Yoast SEO plugin. -->","yoast_head_json":{"title":"Registrierung - Velpa","robots":{"index":"noindex","follow":"follow","max-snippet":"max-snippet:-1","max-image-preview":"max-image-preview:large","max-video-preview":"max-video-preview:-1"},"og_locale":"de_DE","og_type":"article","og_title":"Registrierung - Velpa","og_url":"https:\/\/velpa.it\/verein\/registrierung\/","og_site_name":"Velpa","article_modified_time":"2023-06-09T12:38:23+00:00","twitter_card":"summary_large_image","schema":{"@context":"https:\/\/schema.org","@graph":[{"@type":"WebPage","@id":"https:\/\/velpa.it\/verein\/registrierung\/","url":"https:\/\/velpa.it\/verein\/registrierung\/","name":"Registrierung - Velpa","isPartOf":{"@id":"https:\/\/velpa.it\/verein\/#website"},"datePublished":"2023-06-09T11:56:09+00:00","dateModified":"2023-06-09T12:38:23+00:00","breadcrumb":{"@id":"https:\/\/velpa.it\/verein\/registrierung\/#breadcrumb"},"inLanguage":"de","potentialAction":[{"@type":"ReadAction","target":["https:\/\/velpa.it\/verein\/registrierung\/"]}]},{"@type":"BreadcrumbList","@id":"https:\/\/velpa.it\/verein\/registrierung\/#breadcrumb","itemListElement":[{"@type":"ListItem","position":1,"name":"Startseite","item":"https:\/\/velpa.it\/verein\/"},{"@type":"ListItem","position":2,"name":"Registrierung"}]},{"@type":"WebSite","@id":"https:\/\/velpa.it\/verein\/#website","url":"https:\/\/velpa.it\/verein\/","name":"Velpa","description":"Verein der Ergotherapeuten, Logop\u00e4den und Physiotherapeuten im Altenbereich","publisher":{"@id":"https:\/\/velpa.it\/verein\/#organization"},"potentialAction":[{"@type":"SearchAction","target":{"@type":"EntryPoint","urlTemplate":"https:\/\/velpa.it\/verein\/?s={search_term_string}"},"query-input":{"@type":"PropertyValueSpecification","valueRequired":true,"valueName":"search_term_string"}}],"inLanguage":"de"},{"@type":"Organization","@id":"https:\/\/velpa.it\/verein\/#organization","name":"Velpa","url":"https:\/\/velpa.it\/verein\/","logo":{"@type":"ImageObject","inLanguage":"de","@id":"https:\/\/velpa.it\/verein\/#\/schema\/logo\/image\/","url":"https:\/\/velpa.it\/verein\/wp-content\/uploads\/2023\/11\/Velpa-Logo.png","contentUrl":"https:\/\/velpa.it\/verein\/wp-content\/uploads\/2023\/11\/Velpa-Logo.png","width":1303,"height":652,"caption":"Velpa"},"image":{"@id":"https:\/\/velpa.it\/verein\/#\/schema\/logo\/image\/"}}]}},"jetpack_sharing_enabled":true,"_links":{"self":[{"href":"https:\/\/velpa.it\/verein\/wp-json\/wp\/v2\/pages\/32","targetHints":{"allow":["GET"]}}],"collection":[{"href":"https:\/\/velpa.it\/verein\/wp-json\/wp\/v2\/pages"}],"about":[{"href":"https:\/\/velpa.it\/verein\/wp-json\/wp\/v2\/types\/page"}],"author":[{"embeddable":true,"href":"https:\/\/velpa.it\/verein\/wp-json\/wp\/v2\/users\/1"}],"replies":[{"embeddable":true,"href":"https:\/\/velpa.it\/verein\/wp-json\/wp\/v2\/comments?post=32"}],"version-history":[{"count":3,"href":"https:\/\/velpa.it\/verein\/wp-json\/wp\/v2\/pages\/32\/revisions"}],"predecessor-version":[{"id":64,"href":"https:\/\/velpa.it\/verein\/wp-json\/wp\/v2\/pages\/32\/revisions\/64"}],"wp:attachment":[{"href":"https:\/\/velpa.it\/verein\/wp-json\/wp\/v2\/media?parent=32"}],"curies":[{"name":"wp","href":"https:\/\/api.w.org\/{rel}","templated":true}]}}