{"id":44,"date":"2023-06-09T12:21:22","date_gmt":"2023-06-09T12:21:22","guid":{"rendered":"https:\/\/velpa.it\/verein\/?page_id=44"},"modified":"2023-06-09T12:43:32","modified_gmt":"2023-06-09T12:43:32","slug":"statuten-satzung","status":"publish","type":"page","link":"https:\/\/velpa.it\/verein\/statuten-satzung\/","title":{"rendered":"Statuten\/Satzung"},"content":{"rendered":"\n<h3 class=\"wp-block-heading\">Art. 1<\/h3>\n\n\n\n<p><strong>Name<\/strong><br>Der Verein f\u00fchrt den Namen \u201eVerein der Ergotherapeuten, Logop\u00e4den und Physiotherapeuten\u201c, kurz auch \u201eVELPA\u201c und wird gem\u00e4\u00df Artikel 36 u.ff. des ZGB geregelt. Der VELPA hat keine Gewinnabsichten und basiert auf ehrenamtlicher T\u00e4tigkeit.<\/p>\n\n\n\n<hr class=\"wp-block-separator has-alpha-channel-opacity\"\/>\n\n\n\n<h3 class=\"wp-block-heading\">Art. 2<\/h3>\n\n\n\n<p><strong>Sitz<\/strong><br>Der Verein hat seinen Sitz am jeweiligen Wohnort des Vorsitzenden (pro temporae).<\/p>\n\n\n\n<hr class=\"wp-block-separator has-alpha-channel-opacity\"\/>\n\n\n\n<h3 class=\"wp-block-heading\">Art. 3<\/h3>\n\n\n\n<p><strong>Dauer<\/strong><br>Der Verein hat unbegrenzte Dauer.<\/p>\n\n\n\n<hr class=\"wp-block-separator has-alpha-channel-opacity\"\/>\n\n\n\n<h3 class=\"wp-block-heading\">Art. 4<\/h3>\n\n\n\n<p><strong>Ziel und Zweck<\/strong><br>Der Verein hat die Aufgabe den interdisziplin\u00e4ren Austausch, berufsspezifische Weiterbildungen die Vernetzung der einzelnen Mitglieder und die Zusammenarbeit mit anderen Verb\u00e4nden und Vereinen zu f\u00f6rdern.<\/p>\n\n\n\n<hr class=\"wp-block-separator has-alpha-channel-opacity\"\/>\n\n\n\n<h3 class=\"wp-block-heading\">Art. 5<\/h3>\n\n\n\n<p><strong>Ma\u00dfnahmen zur Erreichung der Ziele in S\u00fcdtirol<\/strong><br>Der Verein unterst\u00fctzt den interdisziplin\u00e4ren Austausch und die Vernetzung zwischen den Mitgliedern.<br>Der Verein setzt sich f\u00fcr die Weiterentwicklung und Festigung der Professionen im Bereich der Altenarbeit ein.<br>Er gew\u00e4hrleistet die Organisation fachspezifischer Weiterbildungen f\u00fcr seine Mitglieder<br>Der Verein trifft Ma\u00dfnahmen zur Sensibilisierung seiner T\u00e4tigkeit bei andren Berufsgruppen und Verb\u00e4nden und f\u00f6rdert die Zusammenarbeit untereinander<br>Der VELPA betreibt \u00d6ffentlichkeitsarbeit und Bewusstseinsentwicklung f\u00fcr die Wichtigkeit therapeutischer Interventionen in der Altenarbeit.<\/p>\n\n\n\n<hr class=\"wp-block-separator has-alpha-channel-opacity\"\/>\n\n\n\n<h3 class=\"wp-block-heading\">Art. 6<\/h3>\n\n\n\n<p><strong>Pflichten der Mitglieder<\/strong><br>Die Mitgliedschaft ist freiwillig und kann nur mittels Einzahlung des vom Vorstand festgelegten Mitgliedsbeitrages erreicht werden. Die Mitgliedschaft kann nicht \u00fcbertragen werden und muss j\u00e4hrlich mittels Einzahlung des Mitgliedsbeitrages erneuert werden. Jedes Mitglied erkl\u00e4rt sich bereit an der Umsetzung der Zielsetzungen des Vereines mitzuwirken und diese zu unterst\u00fctzen. Jedes Mitglied akzeptiert die Satzungen und befolgt das Reglement der Gesch\u00e4ftsordnung.<\/p>\n\n\n\n<hr class=\"wp-block-separator has-alpha-channel-opacity\"\/>\n\n\n\n<h3 class=\"wp-block-heading\">Art. 7<\/h3>\n\n\n\n<p><strong>Rechte der Mitglieder<\/strong><br>Jedes Mitglied hat das Anrecht an den Fortbildungen, die vom Verein organisiert werden, teilzunehmen. Mitglied kann jeder Therapeut aus den oben genannten Berufsgruppen werden, der eine Anstellung in einem der Seniorenwohnheime des VDS vorweisen kann. Jedes Mitglied hat Zugang zu allen Unterlagen die vom Verein zur Verf\u00fcgung gestellt werden. Jedes Mitglied hat Mitspracherecht bei der Auswahl der Fortbildungen.<\/p>\n\n\n\n<hr class=\"wp-block-separator has-alpha-channel-opacity\"\/>\n\n\n\n<h3 class=\"wp-block-heading\">Art. 8<\/h3>\n\n\n\n<p><strong>Erl\u00f6schen der Mitgliedschaft<\/strong><br>1. Jedes Mitglied kann jederzeit freiwillig vom Verein austreten.<br>2. Falls das Mitglied den j\u00e4hrlichen Beitrag nicht einzahlt, verf\u00e4llt die Mitgliedschaft f\u00fcr das laufende Gesch\u00e4ftsjahr.<br>3. Verstirbt das Mitglied, erlischt seine Mitgliedschaft.<br>4. Sollte ein Mitglied gegen die Satzungen oder Regelungen des Vereines versto\u00dfen, so kann der Vorschlag des Vorstandes zum Ausschluss des Mitgliedes bei der Mitgliederversammlung (MV) vorgebracht werden und mittels 2\/3 Mehrheit beschlossen werden.<\/p>\n\n\n\n<hr class=\"wp-block-separator has-alpha-channel-opacity\"\/>\n\n\n\n<h3 class=\"wp-block-heading\">Art. 9<\/h3>\n\n\n\n<p><strong>Ehrenamtlichkeit<\/strong><br>Die Mitglieder sind ehrenamtlich f\u00fcr den Verein t\u00e4tig. Eine R\u00fcckverg\u00fctung von dokumentierten Spesen ist gestattet und muss vorab vom Vorstand genehmigt werden.<\/p>\n\n\n\n<hr class=\"wp-block-separator has-alpha-channel-opacity\"\/>\n\n\n\n<h3 class=\"wp-block-heading\">Art. 10<\/h3>\n\n\n\n<p><strong>Finanzierung und Vereinsverm\u00f6gen<\/strong><br>1.Finanzierung:<br>Die Einnahmen des Vereins bestehen ausschlie\u00dflich aus Mitgliedsbeitr\u00e4gen. Der Verein kann Spenden, Beitr\u00e4ge und Schenkungen von \u00f6ffentlichen und privaten K\u00f6rperschaften annehmen.<br>2. Die Beitr\u00e4ge werden ausschlie\u00dflich zum Zwecke der Weiterbildung der Vereinsmitglieder und den damit verbundenen Spesen verwendet, sowie der Deckung laufender Spesen.<br>3. Die Verwaltung der Beitr\u00e4ge obliegt dem Kassier. Der Rechnungsbericht des Rechnungsrevisors wird bei der MV von den Mitgliedern genehmigt. Hierbei wird der Klassier als auch der Vorstand als Pr\u00fcfungsorgan und als Verantwortlicher bei einer 2\/3 Mehrheit entlastet\/belastet.<\/p>\n\n\n\n<hr class=\"wp-block-separator has-alpha-channel-opacity\"\/>\n\n\n\n<h3 class=\"wp-block-heading\">Art. 11<\/h3>\n\n\n\n<p><strong>Gesch\u00e4ftsjahr<\/strong><br>Das Gesch\u00e4ftsjahr (Vereinsjahr) beginnt jeweils mit 1. J\u00e4nner und endet mit 31. Dezember.<\/p>\n\n\n\n<hr class=\"wp-block-separator has-alpha-channel-opacity\"\/>\n\n\n\n<h3 class=\"wp-block-heading\">Art. 12<\/h3>\n\n\n\n<p><strong>Organe des Vereins<\/strong><br>Die Organe des Vereins sind:<br>Die Mitgliederversammlung<br>Der Vorstand<br>Der Vorsitzende<br>Der Rechnungsrevisor<\/p>\n\n\n\n<hr class=\"wp-block-separator has-alpha-channel-opacity\"\/>\n\n\n\n<h3 class=\"wp-block-heading\">Art. 13<\/h3>\n\n\n\n<p><strong>Mitgliederversammlung<\/strong><br>1. Die MV wird am Ende des Vereinsjahres sp\u00e4testens zum 31.01. einberufen.<br>2. Die Mitgliederversammlung ist zust\u00e4ndig f\u00fcr:<br>T\u00e4tigkeitsbericht des Vorstandes<br>Genehmigung des Kassaberichts des Rechnungsrevisors und des T\u00e4tigkeitsberichtes des Vorstandes<br>Programm und Haushaltsvoranschlag, Festlegung des Mitgliedbeitrages, Vorschau der T\u00e4tigkeiten f\u00fcr das kommenden Vereinsjahr<br>\u00c4nderung der Statuten bei 2\/3 Mehrheit der anwesenden Mitglieder<br>Aufl\u00f6sung des Vereines<br>3. Den Vorsitz der Mitgliederversammlung f\u00fchrt der Vorsitzende des Vorstandes im Amt.<br>4. Der Termin der MV wird vom Vorstand festgelegt und vom Vorsitzenden mindestens vierzehn Tage vor dem Datum mittels schriftlicher Einladung und beigelegter Tagespunktordnung versandt.<br>5. Zus\u00e4tzlich kann jederzeit auf Wunsch des Vorstandes eine MV einberufen werden oder wenn 10% der Mitglieder dies w\u00fcnschen. Der Grund f\u00fcr eine weitere MV muss in schriftlicher Form vorgelegt werden. Mindestens zehn Tage vor dem Termin muss der Vorstand die Tagesordnung und die Begr\u00fcndung der Einberufung allen Mitgliedern mitteilen.<br>6. Alle Mitglieder haben das Recht, an den MV teilzunehmen.<br>7. Jedes Mitglied verf\u00fcgt \u00fcber ein Stimmrecht. Das Stimmrecht kann nicht auf ein anderes Mitglied \u00fcbertragen werden.<br>8. Die stimmberechtigten Mitglieder k\u00f6nnen jederzeit Einsicht in den Jahresabschlussbericht und die Protokolle nehmen und Informationen \u00fcber die T\u00e4tigkeiten des Vorstandes einholen.<br>9. Die Beschl\u00fcsse und das Protokoll werden mit einfacher Mehrheit genehmigt. Die Abstimmung erfolgt mittels Aufheben der Hand. Stimmberechtigt sind alle anwesenden Mitglieder.<\/p>\n\n\n\n<hr class=\"wp-block-separator has-alpha-channel-opacity\"\/>\n\n\n\n<h3 class=\"wp-block-heading\">Art. 14<\/h3>\n\n\n\n<p><strong>Die Bezirksversammlungen<\/strong><br>J\u00e4hrlich k\u00f6nnen Mitgliederversammlungen stattfinden. Sollten weitere Treffen von den Mitgliedern gew\u00fcnscht sein k\u00f6nnen diese in Absprache mit dem Vorstand jederzeit erfolgen. F\u00fcr die Organisation dieser Treffen sind die Vorstandsmitglieder zust\u00e4ndig. Die schriftliche Einladung und die Tagesordnung muss mindestens vierzehn Tage vor dem Sitzungstermin versendet werden.<\/p>\n\n\n\n<hr class=\"wp-block-separator has-alpha-channel-opacity\"\/>\n\n\n\n<h3 class=\"wp-block-heading\">Art. 15<\/h3>\n\n\n\n<p><strong>Beschlussf\u00e4higkeit , Beschl\u00fcsse und Beschlussfassungen der MV<\/strong><br>Die Beschl\u00fcsse werden mit einfacher Mehrheit genehmigt. Die Abstimmung erfolgt mittels Aufheben der Hand. Stimmberechtigt sind alle anwesenden Mitglieder. Der Beschluss richtet sich bei der ersten Eiberufung nach dem Prinzip der gesamten Mehrheit (50%+1) aller registrierten Mitglieder, bei der zweiten Einberufung nach dem Prinzip der 2\/3 Mehrheit der anwesenden Mitglieder. Zu jeder MV muss ein Protokoll verfasst werden.<\/p>\n\n\n\n<hr class=\"wp-block-separator has-alpha-channel-opacity\"\/>\n\n\n\n<h3 class=\"wp-block-heading\">Art. 16<\/h3>\n\n\n\n<p><strong>Vorstand<\/strong><br>1. Der Vorstand besteht aus:<br>Einem Vorsitzenden und mindestens 4 Beir\u00e4ten<br>Der Kassier wird aus den Beir\u00e4ten ernannt, ebenso der Stellvertreter des Vorsitzenden und der Schriftf\u00fchrer.<br>2. Der Vorstand kann mittels schriftlicher Anfrage von Seiten eines Mitgliedes einberufen werden.<br>3. Die Vorstandsitzung wird vom Vorsitzenden gef\u00fchrt.<br>4. Die Beschlussf\u00e4higkeit des Vorstandes besteht, wenn mindestens vier Vorstandsmitglieder anwesend sind.<br>5. Die Beschlussantr\u00e4ge k\u00f6nnen von jedem Vorstandsmitglied eingereicht werden.<br>6. Die Abstimmung zu den Beschlussantr\u00e4gen erfolgt mittels Aufheben der Hand.<br>7. Ein Beschluss gilt als genehmigt, wenn die Mehrheit der anwesenden Vorstandsmitglieder daf\u00fcr stimmt, bei Stimmengleichheit gilt der Beschlussantrag als abgelehnt.<\/p>\n\n\n\n<hr class=\"wp-block-separator has-alpha-channel-opacity\"\/>\n\n\n\n<h3 class=\"wp-block-heading\">Art. 17<\/h3>\n\n\n\n<p><strong>Ablauf und Regelung zur Wahl des Vorstandes<\/strong><br>Die Wahl des Vorstandes erfolgt bei der Mitgliederversammlung mittels Mehrheitsbeschluss der Mitgliederversammlung. Jedes anwesende Mitglied kann sich zur Wahl stellen. Sollte ein Mitglied aus unterschiedlichen Gr\u00fcnden nicht an der Versammlung\/Wahl teilnehmen k\u00f6nnen, sich jedoch zur Wahl stellen, so muss vorab eine schriftliche Erkl\u00e4rung dem Vorstand abgegeben werden. Die Stimmz\u00e4hler werden vor Ort vom Vorsitzenden des Vorstandes bestimmt. Die Abstimmung kann in offener oder geheimer Wahl erfolgen. Stimmberechtigt sind alle anwesenden Mitglieder. Die Wahl erfolgt bei der ersten Einberufung nach dem Prinzip der gesamten Mehrheit (50%+1) aller registrierten Mitglieder, bei der zweiten Einberufung nach dem Prinzip der 2\/3 Mehrheit der anwesenden Mitglieder.<\/p>\n\n\n\n<hr class=\"wp-block-separator has-alpha-channel-opacity\"\/>\n\n\n\n<h3 class=\"wp-block-heading\">Art. 18<\/h3>\n\n\n\n<p><strong>Die Aufgaben des Vorstandes<\/strong><br>1. Verwaltung und F\u00fchrung des Vereines<br>2. Aufnahme und Ausschluss von Mitgliedern<br>3. Die Einberufung zur Mitgliederversammlung<br>4. Die Verwaltung der Mitgliedsbeitr\u00e4ge zu Gunsten des Vereines<br>5. Bearbeitung und Organisation der vorgeschlagenen Fortbildungen<br>6. Die gew\u00e4hlten Personen teilen unter sich die folgenden Aufgaben auf:<\/p>\n\n\n\n<p>Vorsitzender<br>Stellvertreter<br>Schriftf\u00fchrer<br>Kassier<\/p>\n\n\n\n<hr class=\"wp-block-separator has-alpha-channel-opacity\"\/>\n\n\n\n<h3 class=\"wp-block-heading\">Art. 19<\/h3>\n\n\n\n<p><strong>Der Vorsitzende<\/strong><br>Der Vorsitzende ist der gesetzliche Vertreter des Vereines und wird bei der Mitgliederversammlung von den Mitgliedern gew\u00e4hlt.<br>Der Vorsitzende hat die Aufgabe die Versammlungen des Vorstandes einzuberufen und diese zu f\u00fchren.<br>Der Vorsitzende hat zudem die Aufgabe die MV einzuberufen und zu leiten. Bei Abwesenheit des Vorsitzenden \u00fcbernimmt der Stellvertreter dessen Aufgaben.<\/p>\n\n\n\n<hr class=\"wp-block-separator has-alpha-channel-opacity\"\/>\n\n\n\n<h3 class=\"wp-block-heading\">Art. 20<\/h3>\n\n\n\n<p><strong>Der Rechnungspr\u00fcfer<\/strong><br>Der Rechnungspr\u00fcfer wird bei der MV gew\u00e4hlt, jedes anwesende Mitglied kann sich zur Wahl stellen. Die Abstimmung kann offen oder geheim erfolgen. Ein Ausschluss kann vorab durch den Vorschlag des Vorstandes erfolgen und dabei \u00fcber eine einfache Mehrheit bei der MV beschlossen werden, falls diese gegen Beschl\u00fcsse des Vorstandes versto\u00dfen hat.<br>Die Aufgaben des Rechnungspr\u00fcfers sind:<br>\u00dcberpr\u00fcfung\/\u00dcberwachung des Kassiers<br>\u00dcberwachung der Vereinsgebarung\/Rechnungsbericht<\/p>\n\n\n\n<hr class=\"wp-block-separator has-alpha-channel-opacity\"\/>\n\n\n\n<h3 class=\"wp-block-heading\">Art. 21<\/h3>\n\n\n\n<p><strong>Aufl\u00f6sung des Vereines<\/strong><br>Der Verein kann aufgel\u00f6st werden, wenn zwei Drittel aller Mitglieder bei der MV daf\u00fcr stimmen, mittels Aufheben der Hand.<\/p>\n\n\n\n<hr class=\"wp-block-separator has-alpha-channel-opacity\"\/>\n\n\n\n<h3 class=\"wp-block-heading\">Art. 22<\/h3>\n\n\n\n<p><strong>Schlussbestimmungen<\/strong><br>In allen nicht genannten F\u00e4llen, die nicht durch die Statuten geregelt sind, tritt die Gesetzgebung laut Vorgaben des ZGB f\u00fcr non Profit Organisationen in Kraft.<\/p>\n\n\n\n<p>Diese Satzung wurde in der Gr\u00fcndungsversammlung vom 15. April 2013 in der Claudiana Bozen, Lorenz-B\u00f6hler-Stra\u00dfe 13, genehmigt.<\/p>\n\n\n\n<p>Die Satzung wurde am 28. J\u00e4nner 2019 in der Jahresvollversammlung im Probelokal der Stadtkapelle Bozen (Schlachthofstra\u00dfe 95) mit den Stimmen von 17 anwesenden Mitgliedern von zu diesem Zeitpunkt insgesamt 21 Mitgliedern den aktuellen Anforderungen angepasst und genehmigt.<\/p>\n","protected":false},"excerpt":{"rendered":"<p>Art. 1 NameDer Verein f\u00fchrt den Namen \u201eVerein der Ergotherapeuten, Logop\u00e4den und Physiotherapeuten\u201c, kurz auch \u201eVELPA\u201c und wird gem\u00e4\u00df Artikel 36 u.ff. des ZGB geregelt. Der VELPA hat keine Gewinnabsichten und basiert auf ehrenamtlicher T\u00e4tigkeit. Art. 2 SitzDer Verein hat seinen Sitz am jeweiligen Wohnort des Vorsitzenden (pro temporae). Art. 3 DauerDer Verein hat unbegrenzte &#8230; <a title=\"Statuten\/Satzung\" class=\"read-more\" href=\"https:\/\/velpa.it\/verein\/statuten-satzung\/\" aria-label=\"Mehr Informationen \u00fcber Statuten\/Satzung\">Weiterlesen &#8230;<\/a><\/p>\n","protected":false},"author":1,"featured_media":0,"parent":0,"menu_order":3,"comment_status":"closed","ping_status":"closed","template":"","meta":{"footnotes":""},"class_list":["post-44","page","type-page","status-publish"],"yoast_head":"<!-- This site is optimized with the Yoast SEO plugin v27.6 - https:\/\/yoast.com\/product\/yoast-seo-wordpress\/ -->\n<title>Statuten\/Satzung - Velpa<\/title>\n<meta name=\"robots\" content=\"noindex, follow, max-snippet:-1, max-image-preview:large, max-video-preview:-1\" \/>\n<meta property=\"og:locale\" content=\"de_DE\" \/>\n<meta property=\"og:type\" content=\"article\" \/>\n<meta property=\"og:title\" content=\"Statuten\/Satzung - Velpa\" \/>\n<meta property=\"og:description\" content=\"Art. 1 NameDer Verein f\u00fchrt den Namen \u201eVerein der Ergotherapeuten, Logop\u00e4den und Physiotherapeuten\u201c, kurz auch \u201eVELPA\u201c und wird gem\u00e4\u00df Artikel 36 u.ff. des ZGB geregelt. Der VELPA hat keine Gewinnabsichten und basiert auf ehrenamtlicher T\u00e4tigkeit. Art. 2 SitzDer Verein hat seinen Sitz am jeweiligen Wohnort des Vorsitzenden (pro temporae). Art. 3 DauerDer Verein hat unbegrenzte ... Weiterlesen ...\" \/>\n<meta property=\"og:url\" content=\"https:\/\/velpa.it\/verein\/statuten-satzung\/\" \/>\n<meta property=\"og:site_name\" content=\"Velpa\" \/>\n<meta property=\"article:modified_time\" content=\"2023-06-09T12:43:32+00:00\" \/>\n<meta name=\"twitter:card\" content=\"summary_large_image\" \/>\n<meta name=\"twitter:label1\" content=\"Gesch\u00e4tzte Lesezeit\" \/>\n\t<meta name=\"twitter:data1\" content=\"7\u00a0Minuten\" \/>\n<script type=\"application\/ld+json\" class=\"yoast-schema-graph\">{\"@context\":\"https:\\\/\\\/schema.org\",\"@graph\":[{\"@type\":\"WebPage\",\"@id\":\"https:\\\/\\\/velpa.it\\\/verein\\\/statuten-satzung\\\/\",\"url\":\"https:\\\/\\\/velpa.it\\\/verein\\\/statuten-satzung\\\/\",\"name\":\"Statuten\\\/Satzung - Velpa\",\"isPartOf\":{\"@id\":\"https:\\\/\\\/velpa.it\\\/verein\\\/#website\"},\"datePublished\":\"2023-06-09T12:21:22+00:00\",\"dateModified\":\"2023-06-09T12:43:32+00:00\",\"breadcrumb\":{\"@id\":\"https:\\\/\\\/velpa.it\\\/verein\\\/statuten-satzung\\\/#breadcrumb\"},\"inLanguage\":\"de\",\"potentialAction\":[{\"@type\":\"ReadAction\",\"target\":[\"https:\\\/\\\/velpa.it\\\/verein\\\/statuten-satzung\\\/\"]}]},{\"@type\":\"BreadcrumbList\",\"@id\":\"https:\\\/\\\/velpa.it\\\/verein\\\/statuten-satzung\\\/#breadcrumb\",\"itemListElement\":[{\"@type\":\"ListItem\",\"position\":1,\"name\":\"Startseite\",\"item\":\"https:\\\/\\\/velpa.it\\\/verein\\\/\"},{\"@type\":\"ListItem\",\"position\":2,\"name\":\"Statuten\\\/Satzung\"}]},{\"@type\":\"WebSite\",\"@id\":\"https:\\\/\\\/velpa.it\\\/verein\\\/#website\",\"url\":\"https:\\\/\\\/velpa.it\\\/verein\\\/\",\"name\":\"Velpa\",\"description\":\"Verein der Ergotherapeuten, Logop\u00e4den und Physiotherapeuten im Altenbereich\",\"publisher\":{\"@id\":\"https:\\\/\\\/velpa.it\\\/verein\\\/#organization\"},\"potentialAction\":[{\"@type\":\"SearchAction\",\"target\":{\"@type\":\"EntryPoint\",\"urlTemplate\":\"https:\\\/\\\/velpa.it\\\/verein\\\/?s={search_term_string}\"},\"query-input\":{\"@type\":\"PropertyValueSpecification\",\"valueRequired\":true,\"valueName\":\"search_term_string\"}}],\"inLanguage\":\"de\"},{\"@type\":\"Organization\",\"@id\":\"https:\\\/\\\/velpa.it\\\/verein\\\/#organization\",\"name\":\"Velpa\",\"url\":\"https:\\\/\\\/velpa.it\\\/verein\\\/\",\"logo\":{\"@type\":\"ImageObject\",\"inLanguage\":\"de\",\"@id\":\"https:\\\/\\\/velpa.it\\\/verein\\\/#\\\/schema\\\/logo\\\/image\\\/\",\"url\":\"https:\\\/\\\/velpa.it\\\/verein\\\/wp-content\\\/uploads\\\/2023\\\/11\\\/Velpa-Logo.png\",\"contentUrl\":\"https:\\\/\\\/velpa.it\\\/verein\\\/wp-content\\\/uploads\\\/2023\\\/11\\\/Velpa-Logo.png\",\"width\":1303,\"height\":652,\"caption\":\"Velpa\"},\"image\":{\"@id\":\"https:\\\/\\\/velpa.it\\\/verein\\\/#\\\/schema\\\/logo\\\/image\\\/\"}}]}<\/script>\n<!-- \/ Yoast SEO plugin. -->","yoast_head_json":{"title":"Statuten\/Satzung - Velpa","robots":{"index":"noindex","follow":"follow","max-snippet":"max-snippet:-1","max-image-preview":"max-image-preview:large","max-video-preview":"max-video-preview:-1"},"og_locale":"de_DE","og_type":"article","og_title":"Statuten\/Satzung - Velpa","og_description":"Art. 1 NameDer Verein f\u00fchrt den Namen \u201eVerein der Ergotherapeuten, Logop\u00e4den und Physiotherapeuten\u201c, kurz auch \u201eVELPA\u201c und wird gem\u00e4\u00df Artikel 36 u.ff. des ZGB geregelt. Der VELPA hat keine Gewinnabsichten und basiert auf ehrenamtlicher T\u00e4tigkeit. Art. 2 SitzDer Verein hat seinen Sitz am jeweiligen Wohnort des Vorsitzenden (pro temporae). Art. 3 DauerDer Verein hat unbegrenzte ... Weiterlesen ...","og_url":"https:\/\/velpa.it\/verein\/statuten-satzung\/","og_site_name":"Velpa","article_modified_time":"2023-06-09T12:43:32+00:00","twitter_card":"summary_large_image","twitter_misc":{"Gesch\u00e4tzte Lesezeit":"7\u00a0Minuten"},"schema":{"@context":"https:\/\/schema.org","@graph":[{"@type":"WebPage","@id":"https:\/\/velpa.it\/verein\/statuten-satzung\/","url":"https:\/\/velpa.it\/verein\/statuten-satzung\/","name":"Statuten\/Satzung - Velpa","isPartOf":{"@id":"https:\/\/velpa.it\/verein\/#website"},"datePublished":"2023-06-09T12:21:22+00:00","dateModified":"2023-06-09T12:43:32+00:00","breadcrumb":{"@id":"https:\/\/velpa.it\/verein\/statuten-satzung\/#breadcrumb"},"inLanguage":"de","potentialAction":[{"@type":"ReadAction","target":["https:\/\/velpa.it\/verein\/statuten-satzung\/"]}]},{"@type":"BreadcrumbList","@id":"https:\/\/velpa.it\/verein\/statuten-satzung\/#breadcrumb","itemListElement":[{"@type":"ListItem","position":1,"name":"Startseite","item":"https:\/\/velpa.it\/verein\/"},{"@type":"ListItem","position":2,"name":"Statuten\/Satzung"}]},{"@type":"WebSite","@id":"https:\/\/velpa.it\/verein\/#website","url":"https:\/\/velpa.it\/verein\/","name":"Velpa","description":"Verein der Ergotherapeuten, Logop\u00e4den und Physiotherapeuten im Altenbereich","publisher":{"@id":"https:\/\/velpa.it\/verein\/#organization"},"potentialAction":[{"@type":"SearchAction","target":{"@type":"EntryPoint","urlTemplate":"https:\/\/velpa.it\/verein\/?s={search_term_string}"},"query-input":{"@type":"PropertyValueSpecification","valueRequired":true,"valueName":"search_term_string"}}],"inLanguage":"de"},{"@type":"Organization","@id":"https:\/\/velpa.it\/verein\/#organization","name":"Velpa","url":"https:\/\/velpa.it\/verein\/","logo":{"@type":"ImageObject","inLanguage":"de","@id":"https:\/\/velpa.it\/verein\/#\/schema\/logo\/image\/","url":"https:\/\/velpa.it\/verein\/wp-content\/uploads\/2023\/11\/Velpa-Logo.png","contentUrl":"https:\/\/velpa.it\/verein\/wp-content\/uploads\/2023\/11\/Velpa-Logo.png","width":1303,"height":652,"caption":"Velpa"},"image":{"@id":"https:\/\/velpa.it\/verein\/#\/schema\/logo\/image\/"}}]}},"jetpack_sharing_enabled":true,"_links":{"self":[{"href":"https:\/\/velpa.it\/verein\/wp-json\/wp\/v2\/pages\/44","targetHints":{"allow":["GET"]}}],"collection":[{"href":"https:\/\/velpa.it\/verein\/wp-json\/wp\/v2\/pages"}],"about":[{"href":"https:\/\/velpa.it\/verein\/wp-json\/wp\/v2\/types\/page"}],"author":[{"embeddable":true,"href":"https:\/\/velpa.it\/verein\/wp-json\/wp\/v2\/users\/1"}],"replies":[{"embeddable":true,"href":"https:\/\/velpa.it\/verein\/wp-json\/wp\/v2\/comments?post=44"}],"version-history":[{"count":2,"href":"https:\/\/velpa.it\/verein\/wp-json\/wp\/v2\/pages\/44\/revisions"}],"predecessor-version":[{"id":68,"href":"https:\/\/velpa.it\/verein\/wp-json\/wp\/v2\/pages\/44\/revisions\/68"}],"wp:attachment":[{"href":"https:\/\/velpa.it\/verein\/wp-json\/wp\/v2\/media?parent=44"}],"curies":[{"name":"wp","href":"https:\/\/api.w.org\/{rel}","templated":true}]}}