{"id":46,"date":"2023-06-09T12:23:44","date_gmt":"2023-06-09T12:23:44","guid":{"rendered":"https:\/\/velpa.it\/verein\/?page_id=46"},"modified":"2024-02-26T14:16:38","modified_gmt":"2024-02-26T14:16:38","slug":"velpa-mitgliedschaft","status":"publish","type":"page","link":"https:\/\/velpa.it\/verein\/velpa-mitgliedschaft\/","title":{"rendered":"Velpa Mitgliedschaft"},"content":{"rendered":"\n<p>Mitglied im VELPA zu sein hat seine Vorteile und M\u00f6glichkeiten. Die M\u00f6glichkeit sich auszutauschen ist ein wesentlicher Aspekt unseres Berufes und ist in der heutigen Realit\u00e4t der Altersheime schwierig, da wir oft alleine oder in kleinen Gruppen sind. Jedoch ist genau diese Austauschm\u00f6glichkeit oft so wichtig, um den st\u00e4ndig wachsenden Bed\u00fcrfnisse und Herausforderungen unseres Arbeitsumfeld gerecht zu werden ohne dabei die Freude an unserer Arbeit, zu verlieren. Der Velpa ist entstanden um dieser Notwendigkeit entgegen zu kommen und hat das Interesse sich auch in dieser Hinsicht weiter zu entwickeln.<\/p>\n\n\n\n<p>Ein wesentlicher Vorteil ist das Teilnehmen an Kurse (mit ECM) welche gezielt f\u00fcr den geriatischen Bereich vom VELPA selber, mit der Unterst\u00fctzung des Verbandes der Seniorenwohnheime (VDS), organisiert werden. Die Kurse sind Akkreditiert und gr\u00f6\u00dftenteils gratis. Inhalte und Themen sind von den Mitglieder vorgeschlagen und in der j\u00e4hrlichen Vollversammlung gew\u00e4hlt worden.<\/p>\n\n\n\n<p>Die Mitgliedschaft im VELPA kann nur mittels Mitgliedsbeitrag erworben werden, dieser betr\u00e4gt 30 Euro. Die Beitr\u00e4ge werden ausschlie\u00dflich f\u00fcr die Weiterbildungen und laufende Spesen verwendet. Das \u201cVereinsjahr\u201d dauert vom 1. J\u00e4nner eines Jahres bis zum 31. Dezember eines Jahres. Alle Einschreibungen und Mitgliedsbeitr\u00e4ge, welche im Zeitraum eines Jahres eingegangen sind verfallen mit dem 31. Dezember und sollten bis 31. J\u00e4nner erneuert werden.<\/p>\n\n\n\n<p>In der Einzahlungsbest\u00e4tigung soll euer Name klar ersichtlich sein um diese Zahlung euch auch zuweisen zu k\u00f6nnen.<\/p>\n\n\n<div class=\"gb-container gb-container-9b328d79\">\n\n<h3 class=\"gb-headline gb-headline-fd33b983 gb-headline-text\">Bankdaten:<\/h3>\n\n\n\n<p id=\"block-32dc942b-b43f-44fb-b348-b7c2ca0eb96f\"><strong>VELPA-Verein<\/strong><br>IBAN:&nbsp;IT 53 U 08307 58221 000300229482<br>Raiffeisenkasse Eisacktal<\/p>\n\n<\/div>\n\n<div class=\"gb-container gb-container-3752c099\">\n\n<p>Die Einzahlungsbest\u00e4tigung bitte an folgende E-Mail Adresse schicken: [allgemeiner_kontakt_email]<\/p>\n\n<\/div>\n\n<div class=\"gb-container gb-container-0fc281a9\">\n\n<p>Folge diesem Link um dich bei VELPA als neues Mitglied zu <a href=\"https:\/\/velpa.it\/verein\/registrierung\">registrieren<\/a>.<\/p>\n\n<\/div>\n\n\n<p>Solltest du bereits Mitglied bei VELPA sein, kannst du dich <a href=\"\/verein\/login\/\">hier <\/a>einloggen.<br>Wenn du dein Passwort vergessen hast, bitte fordere <a href=\"\/verein\/passwort-vergessen\">hier <\/a>ein neues an.<\/p>\n","protected":false},"excerpt":{"rendered":"<p>Mitglied im VELPA zu sein hat seine Vorteile und M\u00f6glichkeiten. Die M\u00f6glichkeit sich auszutauschen ist ein wesentlicher Aspekt unseres Berufes und ist in der heutigen Realit\u00e4t der Altersheime schwierig, da wir oft alleine oder in kleinen Gruppen sind. Jedoch ist genau diese Austauschm\u00f6glichkeit oft so wichtig, um den st\u00e4ndig wachsenden Bed\u00fcrfnisse und Herausforderungen unseres Arbeitsumfeld &#8230; <a title=\"Velpa Mitgliedschaft\" class=\"read-more\" href=\"https:\/\/velpa.it\/verein\/velpa-mitgliedschaft\/\" aria-label=\"Mehr Informationen \u00fcber Velpa Mitgliedschaft\">Weiterlesen &#8230;<\/a><\/p>\n","protected":false},"author":1,"featured_media":0,"parent":0,"menu_order":2,"comment_status":"closed","ping_status":"closed","template":"","meta":{"footnotes":""},"class_list":["post-46","page","type-page","status-publish"],"yoast_head":"<!-- This site is optimized with the Yoast SEO plugin v27.5 - https:\/\/yoast.com\/product\/yoast-seo-wordpress\/ -->\n<title>Velpa Mitgliedschaft - Velpa<\/title>\n<meta name=\"robots\" content=\"noindex, follow, max-snippet:-1, max-image-preview:large, max-video-preview:-1\" \/>\n<meta property=\"og:locale\" content=\"de_DE\" \/>\n<meta property=\"og:type\" content=\"article\" \/>\n<meta property=\"og:title\" content=\"Velpa Mitgliedschaft - Velpa\" \/>\n<meta property=\"og:description\" content=\"Mitglied im VELPA zu sein hat seine Vorteile und M\u00f6glichkeiten. Die M\u00f6glichkeit sich auszutauschen ist ein wesentlicher Aspekt unseres Berufes und ist in der heutigen Realit\u00e4t der Altersheime schwierig, da wir oft alleine oder in kleinen Gruppen sind. Jedoch ist genau diese Austauschm\u00f6glichkeit oft so wichtig, um den st\u00e4ndig wachsenden Bed\u00fcrfnisse und Herausforderungen unseres Arbeitsumfeld ... Weiterlesen ...\" \/>\n<meta property=\"og:url\" content=\"https:\/\/velpa.it\/verein\/velpa-mitgliedschaft\/\" \/>\n<meta property=\"og:site_name\" content=\"Velpa\" \/>\n<meta property=\"article:modified_time\" content=\"2024-02-26T14:16:38+00:00\" \/>\n<meta name=\"twitter:card\" content=\"summary_large_image\" \/>\n<meta name=\"twitter:label1\" content=\"Gesch\u00e4tzte Lesezeit\" \/>\n\t<meta name=\"twitter:data1\" content=\"2\u00a0Minuten\" \/>\n<script type=\"application\/ld+json\" class=\"yoast-schema-graph\">{\"@context\":\"https:\\\/\\\/schema.org\",\"@graph\":[{\"@type\":\"WebPage\",\"@id\":\"https:\\\/\\\/velpa.it\\\/verein\\\/velpa-mitgliedschaft\\\/\",\"url\":\"https:\\\/\\\/velpa.it\\\/verein\\\/velpa-mitgliedschaft\\\/\",\"name\":\"Velpa Mitgliedschaft - Velpa\",\"isPartOf\":{\"@id\":\"https:\\\/\\\/velpa.it\\\/verein\\\/#website\"},\"datePublished\":\"2023-06-09T12:23:44+00:00\",\"dateModified\":\"2024-02-26T14:16:38+00:00\",\"breadcrumb\":{\"@id\":\"https:\\\/\\\/velpa.it\\\/verein\\\/velpa-mitgliedschaft\\\/#breadcrumb\"},\"inLanguage\":\"de\",\"potentialAction\":[{\"@type\":\"ReadAction\",\"target\":[\"https:\\\/\\\/velpa.it\\\/verein\\\/velpa-mitgliedschaft\\\/\"]}]},{\"@type\":\"BreadcrumbList\",\"@id\":\"https:\\\/\\\/velpa.it\\\/verein\\\/velpa-mitgliedschaft\\\/#breadcrumb\",\"itemListElement\":[{\"@type\":\"ListItem\",\"position\":1,\"name\":\"Startseite\",\"item\":\"https:\\\/\\\/velpa.it\\\/verein\\\/\"},{\"@type\":\"ListItem\",\"position\":2,\"name\":\"Velpa Mitgliedschaft\"}]},{\"@type\":\"WebSite\",\"@id\":\"https:\\\/\\\/velpa.it\\\/verein\\\/#website\",\"url\":\"https:\\\/\\\/velpa.it\\\/verein\\\/\",\"name\":\"Velpa\",\"description\":\"Verein der Ergotherapeuten, Logop\u00e4den und Physiotherapeuten im Altenbereich\",\"publisher\":{\"@id\":\"https:\\\/\\\/velpa.it\\\/verein\\\/#organization\"},\"potentialAction\":[{\"@type\":\"SearchAction\",\"target\":{\"@type\":\"EntryPoint\",\"urlTemplate\":\"https:\\\/\\\/velpa.it\\\/verein\\\/?s={search_term_string}\"},\"query-input\":{\"@type\":\"PropertyValueSpecification\",\"valueRequired\":true,\"valueName\":\"search_term_string\"}}],\"inLanguage\":\"de\"},{\"@type\":\"Organization\",\"@id\":\"https:\\\/\\\/velpa.it\\\/verein\\\/#organization\",\"name\":\"Velpa\",\"url\":\"https:\\\/\\\/velpa.it\\\/verein\\\/\",\"logo\":{\"@type\":\"ImageObject\",\"inLanguage\":\"de\",\"@id\":\"https:\\\/\\\/velpa.it\\\/verein\\\/#\\\/schema\\\/logo\\\/image\\\/\",\"url\":\"https:\\\/\\\/velpa.it\\\/verein\\\/wp-content\\\/uploads\\\/2023\\\/11\\\/Velpa-Logo.png\",\"contentUrl\":\"https:\\\/\\\/velpa.it\\\/verein\\\/wp-content\\\/uploads\\\/2023\\\/11\\\/Velpa-Logo.png\",\"width\":1303,\"height\":652,\"caption\":\"Velpa\"},\"image\":{\"@id\":\"https:\\\/\\\/velpa.it\\\/verein\\\/#\\\/schema\\\/logo\\\/image\\\/\"}}]}<\/script>\n<!-- \/ Yoast SEO plugin. -->","yoast_head_json":{"title":"Velpa Mitgliedschaft - Velpa","robots":{"index":"noindex","follow":"follow","max-snippet":"max-snippet:-1","max-image-preview":"max-image-preview:large","max-video-preview":"max-video-preview:-1"},"og_locale":"de_DE","og_type":"article","og_title":"Velpa Mitgliedschaft - Velpa","og_description":"Mitglied im VELPA zu sein hat seine Vorteile und M\u00f6glichkeiten. Die M\u00f6glichkeit sich auszutauschen ist ein wesentlicher Aspekt unseres Berufes und ist in der heutigen Realit\u00e4t der Altersheime schwierig, da wir oft alleine oder in kleinen Gruppen sind. Jedoch ist genau diese Austauschm\u00f6glichkeit oft so wichtig, um den st\u00e4ndig wachsenden Bed\u00fcrfnisse und Herausforderungen unseres Arbeitsumfeld ... Weiterlesen ...","og_url":"https:\/\/velpa.it\/verein\/velpa-mitgliedschaft\/","og_site_name":"Velpa","article_modified_time":"2024-02-26T14:16:38+00:00","twitter_card":"summary_large_image","twitter_misc":{"Gesch\u00e4tzte Lesezeit":"2\u00a0Minuten"},"schema":{"@context":"https:\/\/schema.org","@graph":[{"@type":"WebPage","@id":"https:\/\/velpa.it\/verein\/velpa-mitgliedschaft\/","url":"https:\/\/velpa.it\/verein\/velpa-mitgliedschaft\/","name":"Velpa Mitgliedschaft - Velpa","isPartOf":{"@id":"https:\/\/velpa.it\/verein\/#website"},"datePublished":"2023-06-09T12:23:44+00:00","dateModified":"2024-02-26T14:16:38+00:00","breadcrumb":{"@id":"https:\/\/velpa.it\/verein\/velpa-mitgliedschaft\/#breadcrumb"},"inLanguage":"de","potentialAction":[{"@type":"ReadAction","target":["https:\/\/velpa.it\/verein\/velpa-mitgliedschaft\/"]}]},{"@type":"BreadcrumbList","@id":"https:\/\/velpa.it\/verein\/velpa-mitgliedschaft\/#breadcrumb","itemListElement":[{"@type":"ListItem","position":1,"name":"Startseite","item":"https:\/\/velpa.it\/verein\/"},{"@type":"ListItem","position":2,"name":"Velpa Mitgliedschaft"}]},{"@type":"WebSite","@id":"https:\/\/velpa.it\/verein\/#website","url":"https:\/\/velpa.it\/verein\/","name":"Velpa","description":"Verein der Ergotherapeuten, Logop\u00e4den und Physiotherapeuten im Altenbereich","publisher":{"@id":"https:\/\/velpa.it\/verein\/#organization"},"potentialAction":[{"@type":"SearchAction","target":{"@type":"EntryPoint","urlTemplate":"https:\/\/velpa.it\/verein\/?s={search_term_string}"},"query-input":{"@type":"PropertyValueSpecification","valueRequired":true,"valueName":"search_term_string"}}],"inLanguage":"de"},{"@type":"Organization","@id":"https:\/\/velpa.it\/verein\/#organization","name":"Velpa","url":"https:\/\/velpa.it\/verein\/","logo":{"@type":"ImageObject","inLanguage":"de","@id":"https:\/\/velpa.it\/verein\/#\/schema\/logo\/image\/","url":"https:\/\/velpa.it\/verein\/wp-content\/uploads\/2023\/11\/Velpa-Logo.png","contentUrl":"https:\/\/velpa.it\/verein\/wp-content\/uploads\/2023\/11\/Velpa-Logo.png","width":1303,"height":652,"caption":"Velpa"},"image":{"@id":"https:\/\/velpa.it\/verein\/#\/schema\/logo\/image\/"}}]}},"jetpack_sharing_enabled":true,"_links":{"self":[{"href":"https:\/\/velpa.it\/verein\/wp-json\/wp\/v2\/pages\/46","targetHints":{"allow":["GET"]}}],"collection":[{"href":"https:\/\/velpa.it\/verein\/wp-json\/wp\/v2\/pages"}],"about":[{"href":"https:\/\/velpa.it\/verein\/wp-json\/wp\/v2\/types\/page"}],"author":[{"embeddable":true,"href":"https:\/\/velpa.it\/verein\/wp-json\/wp\/v2\/users\/1"}],"replies":[{"embeddable":true,"href":"https:\/\/velpa.it\/verein\/wp-json\/wp\/v2\/comments?post=46"}],"version-history":[{"count":14,"href":"https:\/\/velpa.it\/verein\/wp-json\/wp\/v2\/pages\/46\/revisions"}],"predecessor-version":[{"id":804,"href":"https:\/\/velpa.it\/verein\/wp-json\/wp\/v2\/pages\/46\/revisions\/804"}],"wp:attachment":[{"href":"https:\/\/velpa.it\/verein\/wp-json\/wp\/v2\/media?parent=46"}],"curies":[{"name":"wp","href":"https:\/\/api.w.org\/{rel}","templated":true}]}}